{"id":801,"date":"2023-03-25T17:52:30","date_gmt":"2023-03-25T17:52:30","guid":{"rendered":"https:\/\/positivomusic.com\/?page_id=801"},"modified":"2025-08-12T15:47:48","modified_gmt":"2025-08-12T15:47:48","slug":"gemini-music","status":"publish","type":"page","link":"https:\/\/positivomusic.com\/en\/coverbands\/gemini-music\/","title":{"rendered":"GeminiMusic"},"content":{"rendered":"\t\t<div data-elementor-type=\"wp-page\" data-elementor-id=\"801\" class=\"elementor elementor-801\" data-elementor-post-type=\"page\">\n\t\t\t\t\t\t<section class=\"elementor-section elementor-top-section elementor-element elementor-element-5f812f8 elementor-section-height-min-height elementor-section-boxed elementor-section-height-default elementor-section-items-middle\" data-id=\"5f812f8\" data-element_type=\"section\" data-e-type=\"section\" data-settings=\"{&quot;background_background&quot;:&quot;classic&quot;}\">\n\t\t\t\t\t\t\t<div class=\"elementor-background-overlay\"><\/div>\n\t\t\t\t\t\t\t<div class=\"elementor-container elementor-column-gap-default\">\n\t\t\t\t\t<div class=\"elementor-column elementor-col-100 elementor-top-column elementor-element elementor-element-25142b6\" data-id=\"25142b6\" data-element_type=\"column\" data-e-type=\"column\">\n\t\t\t<div class=\"elementor-widget-wrap elementor-element-populated\">\n\t\t\t\t\t\t<div class=\"elementor-element elementor-element-c72f9e3 elementor-widget elementor-widget-heading\" data-id=\"c72f9e3\" data-element_type=\"widget\" data-e-type=\"widget\" data-widget_type=\"heading.default\">\n\t\t\t\t<div class=\"elementor-widget-container\">\n\t\t\t\t\t<h2 class=\"elementor-heading-title elementor-size-default\">Coverband<\/h2>\t\t\t\t<\/div>\n\t\t\t\t<\/div>\n\t\t\t\t\t<\/div>\n\t\t<\/div>\n\t\t\t\t\t<\/div>\n\t\t<\/section>\n\t\t\t\t<section class=\"elementor-section elementor-top-section elementor-element elementor-element-cc2656a elementor-section-content-middle elementor-section-boxed elementor-section-height-default elementor-section-height-default\" data-id=\"cc2656a\" data-element_type=\"section\" data-e-type=\"section\">\n\t\t\t\t\t\t<div class=\"elementor-container elementor-column-gap-default\">\n\t\t\t\t\t<div class=\"elementor-column elementor-col-100 elementor-top-column elementor-element elementor-element-4dacf16\" data-id=\"4dacf16\" data-element_type=\"column\" data-e-type=\"column\">\n\t\t\t<div class=\"elementor-widget-wrap elementor-element-populated\">\n\t\t\t\t\t\t<div class=\"elementor-element elementor-element-c82b049 elementor-widget elementor-widget-text-editor\" data-id=\"c82b049\" data-element_type=\"widget\" data-e-type=\"widget\" data-widget_type=\"text-editor.default\">\n\t\t\t\t<div class=\"elementor-widget-container\">\n\t\t\t\t\t\t\t\t\t<p>Die Band hat bereits in zahlreichen Konstellationen und zu jedem denkbaren Anlass eine perfekte Performance abgeliefert: Ob als atemberaubender Musikact f\u00fcr Firmenveranstaltungen, im Rahmenprogramm einer bedeutenden Hauptversammlung, f\u00fcr das beeindruckende Musikprogramm von Verbrauchermessen oder als mitrei\u00dfende Band bei der Er\u00f6ffnung einer Kunstausstellung. Selbst bei bedeutsamen Ereignissen wie dem Richtfest eines Stararchitekten oder dem Warm-up im Stadion hat die Coverband unvergessliche Momente geschaffen. Und das war nur der Beginn einer unglaublichen Erfolgsgeschichte\u2026Ob es sich um ein Duo oder eine neunk\u00f6pfige Band handelt, alle K\u00fcnstler, die von der Coverband unter Vertrag genommen werden, sorgen f\u00fcr einen unglaublichen \u201eWow-Effekt\u201c bei ihrem Publikum!<\/p>\t\t\t\t\t\t\t\t<\/div>\n\t\t\t\t<\/div>\n\t\t\t\t\t<\/div>\n\t\t<\/div>\n\t\t\t\t\t<\/div>\n\t\t<\/section>\n\t\t\t\t<section class=\"elementor-section elementor-top-section elementor-element elementor-element-1f41da9 elementor-section-boxed elementor-section-height-default elementor-section-height-default\" data-id=\"1f41da9\" data-element_type=\"section\" data-e-type=\"section\">\n\t\t\t\t\t\t<div class=\"elementor-container elementor-column-gap-default\">\n\t\t\t\t\t<div class=\"elementor-column elementor-col-100 elementor-top-column elementor-element elementor-element-aaf413a\" data-id=\"aaf413a\" data-element_type=\"column\" data-e-type=\"column\" data-settings=\"{&quot;background_background&quot;:&quot;classic&quot;}\">\n\t\t\t<div class=\"elementor-widget-wrap elementor-element-populated\">\n\t\t\t\t\t\t<div class=\"elementor-element elementor-element-e6eadf7 elementor-widget elementor-widget-video\" data-id=\"e6eadf7\" data-element_type=\"widget\" data-e-type=\"widget\" data-settings=\"{&quot;show_image_overlay&quot;:&quot;yes&quot;,&quot;image_overlay&quot;:{&quot;url&quot;:&quot;https:\\\/\\\/positivomusic.com\\\/wp-content\\\/uploads\\\/2023\\\/03\\\/2snrQ47I.jpeg&quot;,&quot;id&quot;:796,&quot;size&quot;:&quot;&quot;,&quot;alt&quot;:&quot;&quot;,&quot;source&quot;:&quot;library&quot;},&quot;motion_fx_motion_fx_scrolling&quot;:&quot;yes&quot;,&quot;motion_fx_scale_effect&quot;:&quot;yes&quot;,&quot;motion_fx_scale_speed&quot;:{&quot;unit&quot;:&quot;px&quot;,&quot;size&quot;:3,&quot;sizes&quot;:[]},&quot;motion_fx_scale_range&quot;:{&quot;unit&quot;:&quot;%&quot;,&quot;size&quot;:&quot;&quot;,&quot;sizes&quot;:{&quot;start&quot;:50,&quot;end&quot;:100}},&quot;video_type&quot;:&quot;vimeo&quot;,&quot;motion_fx_scale_direction&quot;:&quot;out-in&quot;,&quot;motion_fx_devices&quot;:[&quot;desktop&quot;,&quot;tablet&quot;,&quot;mobile&quot;]}\" data-widget_type=\"video.default\">\n\t\t\t\t<div class=\"elementor-widget-container\">\n\t\t\t\t\t\t\t<div class=\"elementor-wrapper elementor-open-inline\">\n\t\t\t<iframe class=\"elementor-video-iframe\" allowfullscreen allow=\"clipboard-write\" title=\"vimeo Videoplayer\" src=\"https:\/\/player.vimeo.com\/video\/293189591?color&amp;autopause=0&amp;loop=0&amp;muted=0&amp;title=1&amp;portrait=1&amp;byline=1#t=\"><\/iframe>\t\t\t\t<div class=\"elementor-custom-embed-image-overlay\" style=\"background-image: url(https:\/\/positivomusic.com\/wp-content\/uploads\/2023\/03\/2snrQ47I.jpeg);\">\n\t\t\t\t\t\t\t\t\t\t\t\t\t\t\t\t<div class=\"elementor-custom-embed-play\" role=\"button\" aria-label=\"Video abspielen\" tabindex=\"0\">\n\t\t\t\t\t\t\t<i aria-hidden=\"true\" class=\"eicon-play\"><\/i>\t\t\t\t\t\t<\/div>\n\t\t\t\t\t\t\t\t\t<\/div>\n\t\t\t\t\t<\/div>\n\t\t\t\t\t\t<\/div>\n\t\t\t\t<\/div>\n\t\t\t\t\t<\/div>\n\t\t<\/div>\n\t\t\t\t\t<\/div>\n\t\t<\/section>\n\t\t\t\t<\/div>\n\t\t","protected":false},"excerpt":{"rendered":"<p>Coverband Die Band hat bereits in zahlreichen Konstellationen und zu jedem denkbaren Anlass eine perfekte Performance abgeliefert: Ob als atemberaubender Musikact f\u00fcr Firmenveranstaltungen, im Rahmenprogramm einer bedeutenden Hauptversammlung, f\u00fcr das beeindruckende Musikprogramm von Verbrauchermessen oder als mitrei\u00dfende Band bei der Er\u00f6ffnung einer Kunstausstellung. Selbst bei bedeutsamen Ereignissen wie dem Richtfest eines Stararchitekten oder dem Warm-up [&hellip;]<\/p>\n","protected":false},"author":1,"featured_media":0,"parent":623,"menu_order":0,"comment_status":"closed","ping_status":"closed","template":"","meta":{"footnotes":""},"class_list":["post-801","page","type-page","status-publish","hentry"],"yoast_head":"<!-- This site is optimized with the Yoast SEO Premium plugin v27.0 (Yoast SEO v27.5) - https:\/\/yoast.com\/product\/yoast-seo-premium-wordpress\/ -->\n<title>Gemini Music - Positivo<\/title>\n<meta name=\"description\" content=\"Gemini Music\" \/>\n<meta name=\"robots\" content=\"index, follow, max-snippet:-1, max-image-preview:large, max-video-preview:-1\" \/>\n<link rel=\"canonical\" href=\"https:\/\/positivomusic.com\/en\/coverbands\/gemini-music\/\" \/>\n<meta property=\"og:locale\" content=\"en_GB\" \/>\n<meta property=\"og:type\" content=\"article\" \/>\n<meta property=\"og:title\" content=\"Gemini Music\" \/>\n<meta property=\"og:description\" content=\"Gemini Music\" \/>\n<meta property=\"og:url\" content=\"https:\/\/positivomusic.com\/en\/coverbands\/gemini-music\/\" \/>\n<meta property=\"og:site_name\" content=\"Positivo\" \/>\n<meta property=\"article:modified_time\" content=\"2025-08-12T15:47:48+00:00\" \/>\n<meta property=\"og:image\" content=\"https:\/\/positivomusic.com\/wp-content\/uploads\/2023\/01\/Logo_1.png\" \/>\n\t<meta property=\"og:image:width\" content=\"900\" \/>\n\t<meta property=\"og:image:height\" content=\"900\" \/>\n\t<meta property=\"og:image:type\" content=\"image\/png\" \/>\n<meta name=\"twitter:card\" content=\"summary_large_image\" \/>\n<meta name=\"twitter:label1\" content=\"Estimated reading time\" \/>\n\t<meta name=\"twitter:data1\" content=\"1 minute\" \/>\n<script type=\"application\/ld+json\" class=\"yoast-schema-graph\">{\"@context\":\"https:\\\/\\\/schema.org\",\"@graph\":[{\"@type\":\"WebPage\",\"@id\":\"https:\\\/\\\/positivomusic.com\\\/coverbands\\\/gemini-music\\\/\",\"url\":\"https:\\\/\\\/positivomusic.com\\\/coverbands\\\/gemini-music\\\/\",\"name\":\"Gemini Music - Positivo\",\"isPartOf\":{\"@id\":\"https:\\\/\\\/positivomusic.com\\\/#website\"},\"datePublished\":\"2023-03-25T17:52:30+00:00\",\"dateModified\":\"2025-08-12T15:47:48+00:00\",\"description\":\"Gemini Music\",\"breadcrumb\":{\"@id\":\"https:\\\/\\\/positivomusic.com\\\/coverbands\\\/gemini-music\\\/#breadcrumb\"},\"inLanguage\":\"en-GB\",\"potentialAction\":[{\"@type\":\"ReadAction\",\"target\":[\"https:\\\/\\\/positivomusic.com\\\/coverbands\\\/gemini-music\\\/\"]}]},{\"@type\":\"BreadcrumbList\",\"@id\":\"https:\\\/\\\/positivomusic.com\\\/coverbands\\\/gemini-music\\\/#breadcrumb\",\"itemListElement\":[{\"@type\":\"ListItem\",\"position\":1,\"name\":\"Startseite\",\"item\":\"https:\\\/\\\/positivomusic.com\\\/\"},{\"@type\":\"ListItem\",\"position\":2,\"name\":\"Coverbands\",\"item\":\"https:\\\/\\\/positivomusic.com\\\/coverbands\\\/\"},{\"@type\":\"ListItem\",\"position\":3,\"name\":\"Gemini Music\"}]},{\"@type\":\"WebSite\",\"@id\":\"https:\\\/\\\/positivomusic.com\\\/#website\",\"url\":\"https:\\\/\\\/positivomusic.com\\\/\",\"name\":\"Positivo\",\"description\":\"Music - Live Music Agency\",\"publisher\":{\"@id\":\"https:\\\/\\\/positivomusic.com\\\/#organization\"},\"potentialAction\":[{\"@type\":\"SearchAction\",\"target\":{\"@type\":\"EntryPoint\",\"urlTemplate\":\"https:\\\/\\\/positivomusic.com\\\/?s={search_term_string}\"},\"query-input\":{\"@type\":\"PropertyValueSpecification\",\"valueRequired\":true,\"valueName\":\"search_term_string\"}}],\"inLanguage\":\"en-GB\"},{\"@type\":\"Organization\",\"@id\":\"https:\\\/\\\/positivomusic.com\\\/#organization\",\"name\":\"POSITIVO MUSIC\",\"alternateName\":\"POSITIVO MUSIC\",\"url\":\"https:\\\/\\\/positivomusic.com\\\/\",\"logo\":{\"@type\":\"ImageObject\",\"inLanguage\":\"en-GB\",\"@id\":\"https:\\\/\\\/positivomusic.com\\\/#\\\/schema\\\/logo\\\/image\\\/\",\"url\":\"https:\\\/\\\/positivomusic.com\\\/wp-content\\\/uploads\\\/2023\\\/01\\\/positivo-music-logo-pfade.png\",\"contentUrl\":\"https:\\\/\\\/positivomusic.com\\\/wp-content\\\/uploads\\\/2023\\\/01\\\/positivo-music-logo-pfade.png\",\"width\":1589,\"height\":1577,\"caption\":\"POSITIVO MUSIC\"},\"image\":{\"@id\":\"https:\\\/\\\/positivomusic.com\\\/#\\\/schema\\\/logo\\\/image\\\/\"}}]}<\/script>\n<!-- \/ Yoast SEO Premium plugin. -->","yoast_head_json":{"title":"Gemini Music - Positivo","description":"GeminiMusic","robots":{"index":"index","follow":"follow","max-snippet":"max-snippet:-1","max-image-preview":"max-image-preview:large","max-video-preview":"max-video-preview:-1"},"canonical":"https:\/\/positivomusic.com\/en\/coverbands\/gemini-music\/","og_locale":"en_GB","og_type":"article","og_title":"Gemini Music","og_description":"Gemini Music","og_url":"https:\/\/positivomusic.com\/en\/coverbands\/gemini-music\/","og_site_name":"Positivo","article_modified_time":"2025-08-12T15:47:48+00:00","og_image":[{"width":900,"height":900,"url":"https:\/\/positivomusic.com\/wp-content\/uploads\/2023\/01\/Logo_1.png","type":"image\/png"}],"twitter_card":"summary_large_image","twitter_misc":{"Estimated reading time":"1 minute"},"schema":{"@context":"https:\/\/schema.org","@graph":[{"@type":"WebPage","@id":"https:\/\/positivomusic.com\/coverbands\/gemini-music\/","url":"https:\/\/positivomusic.com\/coverbands\/gemini-music\/","name":"Gemini Music - Positivo","isPartOf":{"@id":"https:\/\/positivomusic.com\/#website"},"datePublished":"2023-03-25T17:52:30+00:00","dateModified":"2025-08-12T15:47:48+00:00","description":"GeminiMusic","breadcrumb":{"@id":"https:\/\/positivomusic.com\/coverbands\/gemini-music\/#breadcrumb"},"inLanguage":"en-GB","potentialAction":[{"@type":"ReadAction","target":["https:\/\/positivomusic.com\/coverbands\/gemini-music\/"]}]},{"@type":"BreadcrumbList","@id":"https:\/\/positivomusic.com\/coverbands\/gemini-music\/#breadcrumb","itemListElement":[{"@type":"ListItem","position":1,"name":"Startseite","item":"https:\/\/positivomusic.com\/"},{"@type":"ListItem","position":2,"name":"Coverbands","item":"https:\/\/positivomusic.com\/coverbands\/"},{"@type":"ListItem","position":3,"name":"Gemini Music"}]},{"@type":"WebSite","@id":"https:\/\/positivomusic.com\/#website","url":"https:\/\/positivomusic.com\/","name":"Positive","description":"Music - Live Music Agency","publisher":{"@id":"https:\/\/positivomusic.com\/#organization"},"potentialAction":[{"@type":"SearchAction","target":{"@type":"EntryPoint","urlTemplate":"https:\/\/positivomusic.com\/?s={search_term_string}"},"query-input":{"@type":"PropertyValueSpecification","valueRequired":true,"valueName":"search_term_string"}}],"inLanguage":"en-GB"},{"@type":"Organization","@id":"https:\/\/positivomusic.com\/#organization","name":"POSITIVO MUSIC","alternateName":"POSITIVO MUSIC","url":"https:\/\/positivomusic.com\/","logo":{"@type":"ImageObject","inLanguage":"en-GB","@id":"https:\/\/positivomusic.com\/#\/schema\/logo\/image\/","url":"https:\/\/positivomusic.com\/wp-content\/uploads\/2023\/01\/positivo-music-logo-pfade.png","contentUrl":"https:\/\/positivomusic.com\/wp-content\/uploads\/2023\/01\/positivo-music-logo-pfade.png","width":1589,"height":1577,"caption":"POSITIVO MUSIC"},"image":{"@id":"https:\/\/positivomusic.com\/#\/schema\/logo\/image\/"}}]}},"_links":{"self":[{"href":"https:\/\/positivomusic.com\/en\/wp-json\/wp\/v2\/pages\/801","targetHints":{"allow":["GET"]}}],"collection":[{"href":"https:\/\/positivomusic.com\/en\/wp-json\/wp\/v2\/pages"}],"about":[{"href":"https:\/\/positivomusic.com\/en\/wp-json\/wp\/v2\/types\/page"}],"author":[{"embeddable":true,"href":"https:\/\/positivomusic.com\/en\/wp-json\/wp\/v2\/users\/1"}],"replies":[{"embeddable":true,"href":"https:\/\/positivomusic.com\/en\/wp-json\/wp\/v2\/comments?post=801"}],"version-history":[{"count":10,"href":"https:\/\/positivomusic.com\/en\/wp-json\/wp\/v2\/pages\/801\/revisions"}],"predecessor-version":[{"id":2728,"href":"https:\/\/positivomusic.com\/en\/wp-json\/wp\/v2\/pages\/801\/revisions\/2728"}],"up":[{"embeddable":true,"href":"https:\/\/positivomusic.com\/en\/wp-json\/wp\/v2\/pages\/623"}],"wp:attachment":[{"href":"https:\/\/positivomusic.com\/en\/wp-json\/wp\/v2\/media?parent=801"}],"curies":[{"name":"wp","href":"https:\/\/api.w.org\/{rel}","templated":true}]}}