{"id":282,"date":"2023-02-12T14:36:39","date_gmt":"2023-02-12T14:36:39","guid":{"rendered":"https:\/\/positivomusic.com\/noya-showband-copy\/"},"modified":"2025-08-12T15:52:52","modified_gmt":"2025-08-12T15:52:52","slug":"grammophon-jazzband","status":"publish","type":"page","link":"https:\/\/positivomusic.com\/en\/coverbands\/grammophon-jazzband\/","title":{"rendered":"GRAMOPHONE JAZZ BAND"},"content":{"rendered":"\t\t<div data-elementor-type=\"wp-page\" data-elementor-id=\"282\" class=\"elementor elementor-282\" data-elementor-post-type=\"page\">\n\t\t\t\t\t\t<section class=\"elementor-section elementor-top-section elementor-element elementor-element-5f812f8 elementor-section-height-min-height elementor-section-boxed elementor-section-height-default elementor-section-items-middle\" data-id=\"5f812f8\" data-element_type=\"section\" data-e-type=\"section\" data-settings=\"{&quot;background_background&quot;:&quot;classic&quot;}\">\n\t\t\t\t\t\t\t<div class=\"elementor-background-overlay\"><\/div>\n\t\t\t\t\t\t\t<div class=\"elementor-container elementor-column-gap-default\">\n\t\t\t\t\t<div class=\"elementor-column elementor-col-100 elementor-top-column elementor-element elementor-element-25142b6\" data-id=\"25142b6\" data-element_type=\"column\" data-e-type=\"column\">\n\t\t\t<div class=\"elementor-widget-wrap elementor-element-populated\">\n\t\t\t\t\t\t<div class=\"elementor-element elementor-element-c72f9e3 elementor-widget elementor-widget-heading\" data-id=\"c72f9e3\" data-element_type=\"widget\" data-e-type=\"widget\" data-widget_type=\"heading.default\">\n\t\t\t\t<div class=\"elementor-widget-container\">\n\t\t\t\t\t<h2 class=\"elementor-heading-title elementor-size-default\">Coverband<\/h2>\t\t\t\t<\/div>\n\t\t\t\t<\/div>\n\t\t\t\t\t<\/div>\n\t\t<\/div>\n\t\t\t\t\t<\/div>\n\t\t<\/section>\n\t\t\t\t<section class=\"elementor-section elementor-top-section elementor-element elementor-element-345a0f1 elementor-section-content-middle elementor-section-boxed elementor-section-height-default elementor-section-height-default\" data-id=\"345a0f1\" data-element_type=\"section\" data-e-type=\"section\">\n\t\t\t\t\t\t<div class=\"elementor-container elementor-column-gap-default\">\n\t\t\t\t\t<div class=\"elementor-column elementor-col-100 elementor-top-column elementor-element elementor-element-686a9bd\" data-id=\"686a9bd\" data-element_type=\"column\" data-e-type=\"column\">\n\t\t\t<div class=\"elementor-widget-wrap elementor-element-populated\">\n\t\t\t\t\t\t<div class=\"elementor-element elementor-element-4633ea3 elementor-widget elementor-widget-text-editor\" data-id=\"4633ea3\" data-element_type=\"widget\" data-e-type=\"widget\" data-widget_type=\"text-editor.default\">\n\t\t\t\t<div class=\"elementor-widget-container\">\n\t\t\t\t\t\t\t\t\t<p>Die Coverband steht f\u00fcr erstklassige Musik und hochwertigen Sound f\u00fcr das perfekte musikalische Ambiente. Sie begeistern mit einer Melange aus Jazz, Pop und Soul. Nostalgiker wie Liebhaber moderner Musik gleicherma\u00dfen. Ihre Musik ist zeitlos und ihr Stil einzigartig. So verleihen sie Ihrer Veranstaltung die passende musikalische Untermalung.<br \/><br \/><\/p><p>Die Coverband bietet Ihrer Veranstaltung das passende musikalische Ambiente. Ganz gleich ob als leichte Untermalung oder in konzertanter Form: Als perfektes Quartett sorgt die Coverband f\u00fcr eine besondere und dezente Atmosph\u00e4re. Ob Jazz, Swing, Lounge oder Pop, die vier Profimusiker wechseln leichtf\u00fc\u00dfig und nach Belieben zwischen den Stilen. Ihre Leidenschaft als Band ist die Musik und besonders die Jazzmusik. Die S\u00e4ngerinnen Nora Becker und Viviane Essig erg\u00e4nzen das Trio mit ihren schwebenden, brillanten Stimmen und verleihen Klassikern von Ella Fitzgerald, Frank Sinatra oder Stevie Wonder eine neue Aura. So manch ein Nostalgiker d\u00fcrfte sich zur\u00fcckversetzt f\u00fchlen in die Zeit der Schelllackplatten und gro\u00dfen Jazzs\u00e4ngerinnen \u2013 zeitlos mit einem Hauch Nostalgie.<\/p>\t\t\t\t\t\t\t\t<\/div>\n\t\t\t\t<\/div>\n\t\t\t\t\t<\/div>\n\t\t<\/div>\n\t\t\t\t\t<\/div>\n\t\t<\/section>\n\t\t\t\t<section class=\"elementor-section elementor-top-section elementor-element elementor-element-1f41da9 elementor-section-boxed elementor-section-height-default elementor-section-height-default\" data-id=\"1f41da9\" data-element_type=\"section\" data-e-type=\"section\">\n\t\t\t\t\t\t<div class=\"elementor-container elementor-column-gap-default\">\n\t\t\t\t\t<div class=\"elementor-column elementor-col-100 elementor-top-column elementor-element elementor-element-aaf413a\" data-id=\"aaf413a\" data-element_type=\"column\" data-e-type=\"column\" data-settings=\"{&quot;background_background&quot;:&quot;classic&quot;}\">\n\t\t\t<div class=\"elementor-widget-wrap elementor-element-populated\">\n\t\t\t\t\t\t<div class=\"elementor-element elementor-element-e6eadf7 elementor-widget elementor-widget-video\" data-id=\"e6eadf7\" data-element_type=\"widget\" data-e-type=\"widget\" data-settings=\"{&quot;youtube_url&quot;:&quot;https:\\\/\\\/youtu.be\\\/uoJwbhBUIgo&quot;,&quot;show_image_overlay&quot;:&quot;yes&quot;,&quot;image_overlay&quot;:{&quot;url&quot;:&quot;https:\\\/\\\/positivomusic.com\\\/wp-content\\\/uploads\\\/2023\\\/02\\\/maxresdefault-e1676213373229.jpg&quot;,&quot;id&quot;:285,&quot;size&quot;:&quot;&quot;,&quot;alt&quot;:&quot;&quot;,&quot;source&quot;:&quot;library&quot;},&quot;motion_fx_motion_fx_scrolling&quot;:&quot;yes&quot;,&quot;motion_fx_scale_effect&quot;:&quot;yes&quot;,&quot;motion_fx_scale_speed&quot;:{&quot;unit&quot;:&quot;px&quot;,&quot;size&quot;:3,&quot;sizes&quot;:[]},&quot;motion_fx_scale_range&quot;:{&quot;unit&quot;:&quot;%&quot;,&quot;size&quot;:&quot;&quot;,&quot;sizes&quot;:{&quot;start&quot;:50,&quot;end&quot;:100}},&quot;video_type&quot;:&quot;youtube&quot;,&quot;controls&quot;:&quot;yes&quot;,&quot;motion_fx_scale_direction&quot;:&quot;out-in&quot;,&quot;motion_fx_devices&quot;:[&quot;desktop&quot;,&quot;tablet&quot;,&quot;mobile&quot;]}\" data-widget_type=\"video.default\">\n\t\t\t\t<div class=\"elementor-widget-container\">\n\t\t\t\t\t\t\t<div class=\"elementor-wrapper elementor-open-inline\">\n\t\t\t<div class=\"elementor-video\"><\/div>\t\t\t\t<div class=\"elementor-custom-embed-image-overlay\" style=\"background-image: url(https:\/\/positivomusic.com\/wp-content\/uploads\/2023\/02\/maxresdefault-e1676213373229.jpg);\">\n\t\t\t\t\t\t\t\t\t\t\t\t\t\t\t\t<div class=\"elementor-custom-embed-play\" role=\"button\" aria-label=\"Video abspielen\" tabindex=\"0\">\n\t\t\t\t\t\t\t<i aria-hidden=\"true\" class=\"eicon-play\"><\/i>\t\t\t\t\t\t<\/div>\n\t\t\t\t\t\t\t\t\t<\/div>\n\t\t\t\t\t<\/div>\n\t\t\t\t\t\t<\/div>\n\t\t\t\t<\/div>\n\t\t\t\t\t<\/div>\n\t\t<\/div>\n\t\t\t\t\t<\/div>\n\t\t<\/section>\n\t\t\t\t<section class=\"elementor-section elementor-top-section elementor-element elementor-element-91cf125 elementor-section-boxed elementor-section-height-default elementor-section-height-default\" data-id=\"91cf125\" data-element_type=\"section\" data-e-type=\"section\">\n\t\t\t\t\t\t<div class=\"elementor-container elementor-column-gap-default\">\n\t\t\t\t\t<div class=\"elementor-column elementor-col-50 elementor-top-column elementor-element elementor-element-75ec72d\" data-id=\"75ec72d\" data-element_type=\"column\" data-e-type=\"column\">\n\t\t\t<div class=\"elementor-widget-wrap elementor-element-populated\">\n\t\t\t\t\t\t<div class=\"elementor-element elementor-element-ef17141 elementor-widget elementor-widget-video\" data-id=\"ef17141\" data-element_type=\"widget\" data-e-type=\"widget\" data-settings=\"{&quot;youtube_url&quot;:&quot;https:\\\/\\\/youtu.be\\\/Rap4KBjfr6U&quot;,&quot;video_type&quot;:&quot;youtube&quot;,&quot;controls&quot;:&quot;yes&quot;}\" data-widget_type=\"video.default\">\n\t\t\t\t<div class=\"elementor-widget-container\">\n\t\t\t\t\t\t\t<div class=\"elementor-wrapper elementor-open-inline\">\n\t\t\t<div class=\"elementor-video\"><\/div>\t\t<\/div>\n\t\t\t\t\t\t<\/div>\n\t\t\t\t<\/div>\n\t\t\t\t\t<\/div>\n\t\t<\/div>\n\t\t\t\t<div class=\"elementor-column elementor-col-50 elementor-top-column elementor-element elementor-element-de7d273\" data-id=\"de7d273\" data-element_type=\"column\" data-e-type=\"column\">\n\t\t\t<div class=\"elementor-widget-wrap elementor-element-populated\">\n\t\t\t\t\t\t<div class=\"elementor-element elementor-element-f95c110 elementor-widget elementor-widget-video\" data-id=\"f95c110\" data-element_type=\"widget\" data-e-type=\"widget\" data-settings=\"{&quot;youtube_url&quot;:&quot;https:\\\/\\\/youtu.be\\\/ZqyyExX4GZQ&quot;,&quot;video_type&quot;:&quot;youtube&quot;,&quot;controls&quot;:&quot;yes&quot;}\" data-widget_type=\"video.default\">\n\t\t\t\t<div class=\"elementor-widget-container\">\n\t\t\t\t\t\t\t<div class=\"elementor-wrapper elementor-open-inline\">\n\t\t\t<div class=\"elementor-video\"><\/div>\t\t<\/div>\n\t\t\t\t\t\t<\/div>\n\t\t\t\t<\/div>\n\t\t\t\t\t<\/div>\n\t\t<\/div>\n\t\t\t\t\t<\/div>\n\t\t<\/section>\n\t\t\t\t<section class=\"elementor-section elementor-top-section elementor-element elementor-element-d8b2ca5 elementor-section-height-min-height elementor-section-items-stretch elementor-section-boxed elementor-section-height-default\" data-id=\"d8b2ca5\" data-element_type=\"section\" data-e-type=\"section\">\n\t\t\t\t\t\t<div class=\"elementor-container elementor-column-gap-default\">\n\t\t\t\t\t<div class=\"elementor-column elementor-col-100 elementor-top-column elementor-element elementor-element-ef0822b\" data-id=\"ef0822b\" data-element_type=\"column\" data-e-type=\"column\">\n\t\t\t<div class=\"elementor-widget-wrap elementor-element-populated\">\n\t\t\t\t\t\t<div class=\"elementor-element elementor-element-626207b elementor-widget elementor-widget-gallery\" data-id=\"626207b\" data-element_type=\"widget\" data-e-type=\"widget\" data-settings=\"{&quot;gallery_layout&quot;:&quot;justified&quot;,&quot;lazyload&quot;:&quot;yes&quot;,&quot;ideal_row_height&quot;:{&quot;unit&quot;:&quot;px&quot;,&quot;size&quot;:200,&quot;sizes&quot;:[]},&quot;ideal_row_height_tablet&quot;:{&quot;unit&quot;:&quot;px&quot;,&quot;size&quot;:150,&quot;sizes&quot;:[]},&quot;ideal_row_height_mobile&quot;:{&quot;unit&quot;:&quot;px&quot;,&quot;size&quot;:150,&quot;sizes&quot;:[]},&quot;gap&quot;:{&quot;unit&quot;:&quot;px&quot;,&quot;size&quot;:10,&quot;sizes&quot;:[]},&quot;gap_tablet&quot;:{&quot;unit&quot;:&quot;px&quot;,&quot;size&quot;:10,&quot;sizes&quot;:[]},&quot;gap_mobile&quot;:{&quot;unit&quot;:&quot;px&quot;,&quot;size&quot;:10,&quot;sizes&quot;:[]},&quot;link_to&quot;:&quot;file&quot;,&quot;overlay_background&quot;:&quot;yes&quot;,&quot;content_hover_animation&quot;:&quot;fade-in&quot;}\" data-widget_type=\"gallery.default\">\n\t\t\t\t<div class=\"elementor-widget-container\">\n\t\t\t\t\t\t\t<div class=\"elementor-gallery__container\">\n\t\t\t\t\t\t\t<a class=\"e-gallery-item elementor-gallery-item elementor-animated-content\" href=\"https:\/\/positivomusic.com\/wp-content\/uploads\/2023\/02\/Bildschirmfoto-2022-06-13-um-09.16.27-1030x514-1.png\" data-elementor-open-lightbox=\"yes\" data-elementor-lightbox-slideshow=\"626207b\" data-elementor-lightbox-title=\"Bildschirmfoto-2022-06-13-um-09.16.27-1030x514\" data-e-action-hash=\"#elementor-action%3Aaction%3Dlightbox%26settings%3DeyJpZCI6Mjg3LCJ1cmwiOiJodHRwczpcL1wvcG9zaXRpdm9tdXNpYy5jb21cL3dwLWNvbnRlbnRcL3VwbG9hZHNcLzIwMjNcLzAyXC9CaWxkc2NoaXJtZm90by0yMDIyLTA2LTEzLXVtLTA5LjE2LjI3LTEwMzB4NTE0LTEucG5nIiwic2xpZGVzaG93IjoiNjI2MjA3YiJ9\">\n\t\t\t\t\t<div class=\"e-gallery-image elementor-gallery-item__image\" data-thumbnail=\"https:\/\/positivomusic.com\/wp-content\/uploads\/2023\/02\/Bildschirmfoto-2022-06-13-um-09.16.27-1030x514-1-300x150.png\" data-width=\"300\" data-height=\"150\" aria-label=\"\" role=\"img\" ><\/div>\n\t\t\t\t\t\t\t\t\t\t\t<div class=\"elementor-gallery-item__overlay\"><\/div>\n\t\t\t\t\t\t\t\t\t\t\t\t\t\t<\/a>\n\t\t\t\t\t\t\t<a class=\"e-gallery-item elementor-gallery-item elementor-animated-content\" href=\"https:\/\/positivomusic.com\/wp-content\/uploads\/2023\/02\/jazzband-livemusik-firmenfeier-hochzeit.jpg\" data-elementor-open-lightbox=\"yes\" data-elementor-lightbox-slideshow=\"626207b\" data-elementor-lightbox-title=\"jazzband-livemusik-firmenfeier-hochzeit\" data-e-action-hash=\"#elementor-action%3Aaction%3Dlightbox%26settings%3DeyJpZCI6Mjg4LCJ1cmwiOiJodHRwczpcL1wvcG9zaXRpdm9tdXNpYy5jb21cL3dwLWNvbnRlbnRcL3VwbG9hZHNcLzIwMjNcLzAyXC9qYXp6YmFuZC1saXZlbXVzaWstZmlybWVuZmVpZXItaG9jaHplaXQuanBnIiwic2xpZGVzaG93IjoiNjI2MjA3YiJ9\">\n\t\t\t\t\t<div class=\"e-gallery-image elementor-gallery-item__image\" data-thumbnail=\"https:\/\/positivomusic.com\/wp-content\/uploads\/2023\/02\/jazzband-livemusik-firmenfeier-hochzeit-300x200.jpg\" data-width=\"300\" data-height=\"200\" aria-label=\"\" role=\"img\" ><\/div>\n\t\t\t\t\t\t\t\t\t\t\t<div class=\"elementor-gallery-item__overlay\"><\/div>\n\t\t\t\t\t\t\t\t\t\t\t\t\t\t<\/a>\n\t\t\t\t\t\t\t<a class=\"e-gallery-item elementor-gallery-item elementor-animated-content\" href=\"https:\/\/positivomusic.com\/wp-content\/uploads\/2023\/02\/livemusik-band-firmenfeier-hamburg.jpg\" data-elementor-open-lightbox=\"yes\" data-elementor-lightbox-slideshow=\"626207b\" data-elementor-lightbox-title=\"livemusik-band-firmenfeier-hamburg\" data-e-action-hash=\"#elementor-action%3Aaction%3Dlightbox%26settings%3DeyJpZCI6Mjg5LCJ1cmwiOiJodHRwczpcL1wvcG9zaXRpdm9tdXNpYy5jb21cL3dwLWNvbnRlbnRcL3VwbG9hZHNcLzIwMjNcLzAyXC9saXZlbXVzaWstYmFuZC1maXJtZW5mZWllci1oYW1idXJnLmpwZyIsInNsaWRlc2hvdyI6IjYyNjIwN2IifQ%3D%3D\">\n\t\t\t\t\t<div class=\"e-gallery-image elementor-gallery-item__image\" data-thumbnail=\"https:\/\/positivomusic.com\/wp-content\/uploads\/2023\/02\/livemusik-band-firmenfeier-hamburg-300x200.jpg\" data-width=\"300\" data-height=\"200\" aria-label=\"\" role=\"img\" ><\/div>\n\t\t\t\t\t\t\t\t\t\t\t<div class=\"elementor-gallery-item__overlay\"><\/div>\n\t\t\t\t\t\t\t\t\t\t\t\t\t\t<\/a>\n\t\t\t\t\t\t\t<a class=\"e-gallery-item elementor-gallery-item elementor-animated-content\" href=\"https:\/\/positivomusic.com\/wp-content\/uploads\/2023\/02\/maxresdefault-1.jpg\" data-elementor-open-lightbox=\"yes\" data-elementor-lightbox-slideshow=\"626207b\" data-elementor-lightbox-title=\"maxresdefault\" data-e-action-hash=\"#elementor-action%3Aaction%3Dlightbox%26settings%3DeyJpZCI6MjkwLCJ1cmwiOiJodHRwczpcL1wvcG9zaXRpdm9tdXNpYy5jb21cL3dwLWNvbnRlbnRcL3VwbG9hZHNcLzIwMjNcLzAyXC9tYXhyZXNkZWZhdWx0LTEuanBnIiwic2xpZGVzaG93IjoiNjI2MjA3YiJ9\">\n\t\t\t\t\t<div class=\"e-gallery-image elementor-gallery-item__image\" data-thumbnail=\"https:\/\/positivomusic.com\/wp-content\/uploads\/2023\/02\/maxresdefault-1-300x169.jpg\" data-width=\"300\" data-height=\"169\" aria-label=\"\" role=\"img\" ><\/div>\n\t\t\t\t\t\t\t\t\t\t\t<div class=\"elementor-gallery-item__overlay\"><\/div>\n\t\t\t\t\t\t\t\t\t\t\t\t\t\t<\/a>\n\t\t\t\t\t<\/div>\n\t\t\t\t\t<\/div>\n\t\t\t\t<\/div>\n\t\t\t\t\t<\/div>\n\t\t<\/div>\n\t\t\t\t\t<\/div>\n\t\t<\/section>\n\t\t\t\t<\/div>\n\t\t","protected":false},"excerpt":{"rendered":"<p>Coverband Die Coverband steht f\u00fcr erstklassige Musik und hochwertigen Sound f\u00fcr das perfekte musikalische Ambiente. Sie begeistern mit einer Melange aus Jazz, Pop und Soul. Nostalgiker wie Liebhaber moderner Musik gleicherma\u00dfen. Ihre Musik ist zeitlos und ihr Stil einzigartig. So verleihen sie Ihrer Veranstaltung die passende musikalische Untermalung. Die Coverband bietet Ihrer Veranstaltung das passende [&hellip;]<\/p>\n","protected":false},"author":1,"featured_media":0,"parent":623,"menu_order":0,"comment_status":"closed","ping_status":"closed","template":"","meta":{"footnotes":""},"class_list":["post-282","page","type-page","status-publish","hentry"],"yoast_head":"<!-- This site is optimized with the Yoast SEO Premium plugin v27.0 (Yoast SEO v27.5) - https:\/\/yoast.com\/product\/yoast-seo-premium-wordpress\/ -->\n<title>GRAMMOPHON JAZZBAND - Positivo<\/title>\n<meta name=\"description\" content=\"GRAMMOPHON JAZZBAND\" \/>\n<meta name=\"robots\" content=\"index, follow, max-snippet:-1, max-image-preview:large, max-video-preview:-1\" \/>\n<link rel=\"canonical\" href=\"https:\/\/positivomusic.com\/en\/coverbands\/grammophon-jazzband\/\" \/>\n<meta property=\"og:locale\" content=\"en_GB\" \/>\n<meta property=\"og:type\" content=\"article\" \/>\n<meta property=\"og:title\" content=\"GRAMMOPHON JAZZBAND\" \/>\n<meta property=\"og:description\" content=\"GRAMMOPHON JAZZBAND\" \/>\n<meta property=\"og:url\" content=\"https:\/\/positivomusic.com\/en\/coverbands\/grammophon-jazzband\/\" \/>\n<meta property=\"og:site_name\" content=\"Positivo\" \/>\n<meta property=\"article:modified_time\" content=\"2025-08-12T15:52:52+00:00\" \/>\n<meta property=\"og:image\" content=\"https:\/\/positivomusic.com\/wp-content\/uploads\/2023\/01\/Logo_1.png\" \/>\n\t<meta property=\"og:image:width\" content=\"900\" \/>\n\t<meta property=\"og:image:height\" content=\"900\" \/>\n\t<meta property=\"og:image:type\" content=\"image\/png\" \/>\n<meta name=\"twitter:card\" content=\"summary_large_image\" \/>\n<meta name=\"twitter:label1\" content=\"Estimated reading time\" \/>\n\t<meta name=\"twitter:data1\" content=\"1 minute\" \/>\n<script type=\"application\/ld+json\" class=\"yoast-schema-graph\">{\"@context\":\"https:\\\/\\\/schema.org\",\"@graph\":[{\"@type\":\"WebPage\",\"@id\":\"https:\\\/\\\/positivomusic.com\\\/coverbands\\\/grammophon-jazzband\\\/\",\"url\":\"https:\\\/\\\/positivomusic.com\\\/coverbands\\\/grammophon-jazzband\\\/\",\"name\":\"GRAMMOPHON JAZZBAND - Positivo\",\"isPartOf\":{\"@id\":\"https:\\\/\\\/positivomusic.com\\\/#website\"},\"datePublished\":\"2023-02-12T14:36:39+00:00\",\"dateModified\":\"2025-08-12T15:52:52+00:00\",\"description\":\"GRAMMOPHON JAZZBAND\",\"breadcrumb\":{\"@id\":\"https:\\\/\\\/positivomusic.com\\\/coverbands\\\/grammophon-jazzband\\\/#breadcrumb\"},\"inLanguage\":\"en-GB\",\"potentialAction\":[{\"@type\":\"ReadAction\",\"target\":[\"https:\\\/\\\/positivomusic.com\\\/coverbands\\\/grammophon-jazzband\\\/\"]}]},{\"@type\":\"BreadcrumbList\",\"@id\":\"https:\\\/\\\/positivomusic.com\\\/coverbands\\\/grammophon-jazzband\\\/#breadcrumb\",\"itemListElement\":[{\"@type\":\"ListItem\",\"position\":1,\"name\":\"Startseite\",\"item\":\"https:\\\/\\\/positivomusic.com\\\/\"},{\"@type\":\"ListItem\",\"position\":2,\"name\":\"Coverbands\",\"item\":\"https:\\\/\\\/positivomusic.com\\\/coverbands\\\/\"},{\"@type\":\"ListItem\",\"position\":3,\"name\":\"GRAMMOPHON JAZZBAND\"}]},{\"@type\":\"WebSite\",\"@id\":\"https:\\\/\\\/positivomusic.com\\\/#website\",\"url\":\"https:\\\/\\\/positivomusic.com\\\/\",\"name\":\"Positivo\",\"description\":\"Music - Live Music Agency\",\"publisher\":{\"@id\":\"https:\\\/\\\/positivomusic.com\\\/#organization\"},\"potentialAction\":[{\"@type\":\"SearchAction\",\"target\":{\"@type\":\"EntryPoint\",\"urlTemplate\":\"https:\\\/\\\/positivomusic.com\\\/?s={search_term_string}\"},\"query-input\":{\"@type\":\"PropertyValueSpecification\",\"valueRequired\":true,\"valueName\":\"search_term_string\"}}],\"inLanguage\":\"en-GB\"},{\"@type\":\"Organization\",\"@id\":\"https:\\\/\\\/positivomusic.com\\\/#organization\",\"name\":\"POSITIVO MUSIC\",\"alternateName\":\"POSITIVO MUSIC\",\"url\":\"https:\\\/\\\/positivomusic.com\\\/\",\"logo\":{\"@type\":\"ImageObject\",\"inLanguage\":\"en-GB\",\"@id\":\"https:\\\/\\\/positivomusic.com\\\/#\\\/schema\\\/logo\\\/image\\\/\",\"url\":\"https:\\\/\\\/positivomusic.com\\\/wp-content\\\/uploads\\\/2023\\\/01\\\/positivo-music-logo-pfade.png\",\"contentUrl\":\"https:\\\/\\\/positivomusic.com\\\/wp-content\\\/uploads\\\/2023\\\/01\\\/positivo-music-logo-pfade.png\",\"width\":1589,\"height\":1577,\"caption\":\"POSITIVO MUSIC\"},\"image\":{\"@id\":\"https:\\\/\\\/positivomusic.com\\\/#\\\/schema\\\/logo\\\/image\\\/\"}}]}<\/script>\n<!-- \/ Yoast SEO Premium plugin. -->","yoast_head_json":{"title":"GRAMMOPHONE JAZZ BAND - Positivo","description":"GRAMOPHONE JAZZ BAND","robots":{"index":"index","follow":"follow","max-snippet":"max-snippet:-1","max-image-preview":"max-image-preview:large","max-video-preview":"max-video-preview:-1"},"canonical":"https:\/\/positivomusic.com\/en\/coverbands\/grammophon-jazzband\/","og_locale":"en_GB","og_type":"article","og_title":"GRAMMOPHON JAZZBAND","og_description":"GRAMMOPHON JAZZBAND","og_url":"https:\/\/positivomusic.com\/en\/coverbands\/grammophon-jazzband\/","og_site_name":"Positivo","article_modified_time":"2025-08-12T15:52:52+00:00","og_image":[{"width":900,"height":900,"url":"https:\/\/positivomusic.com\/wp-content\/uploads\/2023\/01\/Logo_1.png","type":"image\/png"}],"twitter_card":"summary_large_image","twitter_misc":{"Estimated reading time":"1 minute"},"schema":{"@context":"https:\/\/schema.org","@graph":[{"@type":"WebPage","@id":"https:\/\/positivomusic.com\/coverbands\/grammophon-jazzband\/","url":"https:\/\/positivomusic.com\/coverbands\/grammophon-jazzband\/","name":"GRAMMOPHONE JAZZ BAND - Positivo","isPartOf":{"@id":"https:\/\/positivomusic.com\/#website"},"datePublished":"2023-02-12T14:36:39+00:00","dateModified":"2025-08-12T15:52:52+00:00","description":"GRAMOPHONE JAZZ BAND","breadcrumb":{"@id":"https:\/\/positivomusic.com\/coverbands\/grammophon-jazzband\/#breadcrumb"},"inLanguage":"en-GB","potentialAction":[{"@type":"ReadAction","target":["https:\/\/positivomusic.com\/coverbands\/grammophon-jazzband\/"]}]},{"@type":"BreadcrumbList","@id":"https:\/\/positivomusic.com\/coverbands\/grammophon-jazzband\/#breadcrumb","itemListElement":[{"@type":"ListItem","position":1,"name":"Startseite","item":"https:\/\/positivomusic.com\/"},{"@type":"ListItem","position":2,"name":"Coverbands","item":"https:\/\/positivomusic.com\/coverbands\/"},{"@type":"ListItem","position":3,"name":"GRAMMOPHON JAZZBAND"}]},{"@type":"WebSite","@id":"https:\/\/positivomusic.com\/#website","url":"https:\/\/positivomusic.com\/","name":"Positive","description":"Music - Live Music Agency","publisher":{"@id":"https:\/\/positivomusic.com\/#organization"},"potentialAction":[{"@type":"SearchAction","target":{"@type":"EntryPoint","urlTemplate":"https:\/\/positivomusic.com\/?s={search_term_string}"},"query-input":{"@type":"PropertyValueSpecification","valueRequired":true,"valueName":"search_term_string"}}],"inLanguage":"en-GB"},{"@type":"Organization","@id":"https:\/\/positivomusic.com\/#organization","name":"POSITIVO MUSIC","alternateName":"POSITIVO MUSIC","url":"https:\/\/positivomusic.com\/","logo":{"@type":"ImageObject","inLanguage":"en-GB","@id":"https:\/\/positivomusic.com\/#\/schema\/logo\/image\/","url":"https:\/\/positivomusic.com\/wp-content\/uploads\/2023\/01\/positivo-music-logo-pfade.png","contentUrl":"https:\/\/positivomusic.com\/wp-content\/uploads\/2023\/01\/positivo-music-logo-pfade.png","width":1589,"height":1577,"caption":"POSITIVO MUSIC"},"image":{"@id":"https:\/\/positivomusic.com\/#\/schema\/logo\/image\/"}}]}},"_links":{"self":[{"href":"https:\/\/positivomusic.com\/en\/wp-json\/wp\/v2\/pages\/282","targetHints":{"allow":["GET"]}}],"collection":[{"href":"https:\/\/positivomusic.com\/en\/wp-json\/wp\/v2\/pages"}],"about":[{"href":"https:\/\/positivomusic.com\/en\/wp-json\/wp\/v2\/types\/page"}],"author":[{"embeddable":true,"href":"https:\/\/positivomusic.com\/en\/wp-json\/wp\/v2\/users\/1"}],"replies":[{"embeddable":true,"href":"https:\/\/positivomusic.com\/en\/wp-json\/wp\/v2\/comments?post=282"}],"version-history":[{"count":10,"href":"https:\/\/positivomusic.com\/en\/wp-json\/wp\/v2\/pages\/282\/revisions"}],"predecessor-version":[{"id":2743,"href":"https:\/\/positivomusic.com\/en\/wp-json\/wp\/v2\/pages\/282\/revisions\/2743"}],"up":[{"embeddable":true,"href":"https:\/\/positivomusic.com\/en\/wp-json\/wp\/v2\/pages\/623"}],"wp:attachment":[{"href":"https:\/\/positivomusic.com\/en\/wp-json\/wp\/v2\/media?parent=282"}],"curies":[{"name":"wp","href":"https:\/\/api.w.org\/{rel}","templated":true}]}}