{"id":1917,"date":"2024-02-29T15:26:52","date_gmt":"2024-02-29T15:26:52","guid":{"rendered":"https:\/\/positivomusic.com\/?page_id=1917"},"modified":"2025-08-19T16:21:33","modified_gmt":"2025-08-19T16:21:33","slug":"billy-burrito","status":"publish","type":"page","link":"https:\/\/positivomusic.com\/en\/special-acts\/billy-burrito\/","title":{"rendered":"Billy Burrito"},"content":{"rendered":"<div data-elementor-type=\"wp-page\" data-elementor-id=\"1917\" class=\"elementor elementor-1917\" data-elementor-post-type=\"page\">\n\t\t\t\t\t\t<section class=\"elementor-section elementor-top-section elementor-element elementor-element-5f812f8 elementor-section-height-min-height elementor-section-boxed elementor-section-height-default elementor-section-items-middle\" data-id=\"5f812f8\" data-element_type=\"section\" data-e-type=\"section\" data-settings=\"{&quot;background_background&quot;:&quot;classic&quot;}\">\n\t\t\t\t\t\t\t<div class=\"elementor-background-overlay\"><\/div>\n\t\t\t\t\t\t\t<div class=\"elementor-container elementor-column-gap-default\">\n\t\t\t\t\t<div class=\"elementor-column elementor-col-100 elementor-top-column elementor-element elementor-element-25142b6\" data-id=\"25142b6\" data-element_type=\"column\" data-e-type=\"column\">\n\t\t\t<div class=\"elementor-widget-wrap elementor-element-populated\">\n\t\t\t\t\t\t<div class=\"elementor-element elementor-element-c72f9e3 elementor-widget elementor-widget-heading\" data-id=\"c72f9e3\" data-element_type=\"widget\" data-e-type=\"widget\" data-widget_type=\"heading.default\">\n\t\t\t\t<div class=\"elementor-widget-container\">\n\t\t\t\t\t<h2 class=\"elementor-heading-title elementor-size-default\">Musical Walking Act <\/h2>\t\t\t\t<\/div>\n\t\t\t\t<\/div>\n\t\t\t\t\t<\/div>\n\t\t<\/div>\n\t\t\t\t\t<\/div>\n\t\t<\/section>\n\t\t\t\t<section class=\"elementor-section elementor-top-section elementor-element elementor-element-53b2622 elementor-section-content-middle elementor-section-boxed elementor-section-height-default elementor-section-height-default\" data-id=\"53b2622\" data-element_type=\"section\" data-e-type=\"section\">\n\t\t\t\t\t\t<div class=\"elementor-container elementor-column-gap-default\">\n\t\t\t\t\t<div class=\"elementor-column elementor-col-100 elementor-top-column elementor-element elementor-element-f1043e3\" data-id=\"f1043e3\" data-element_type=\"column\" data-e-type=\"column\">\n\t\t\t<div class=\"elementor-widget-wrap elementor-element-populated\">\n\t\t\t\t\t\t<div class=\"elementor-element elementor-element-9b32671 elementor-widget elementor-widget-text-editor\" data-id=\"9b32671\" data-element_type=\"widget\" data-e-type=\"widget\" data-widget_type=\"text-editor.default\">\n\t\t\t\t<div class=\"elementor-widget-container\">\n\t\t\t\t\t\t\t\t\t<p>Musical Walking Acts are extremely versatile and can perform in a variety of contexts, whether on stage at large music festivals, in processions and parades, in jazz clubs, at weddings, or corporate events. Their ability to adapt seamlessly to different environments makes them a popular musical element for events of all kinds.<\/p><p>The interaction within a brass band is crucial to its success. The musicians must interact precisely with one another in order to preserve the characteristic structure and powerful sound of the formation. At the same time, brass bands often offer room for improvisation, which gives the artists the opportunity to bring in their individual creativity and give each performance a unique touch.<\/p><p>A brass band not only exudes musical brilliance, but also draws in audiences through its captivating stage presence and ability to get the crowd involved. The energetic sound and visual spectacle of the various instruments help to create a lively and engaging atmosphere that captivates the audience.<\/p>\t\t\t\t\t\t\t\t<\/div>\n\t\t\t\t<\/div>\n\t\t\t\t\t<\/div>\n\t\t<\/div>\n\t\t\t\t\t<\/div>\n\t\t<\/section>\n\t\t\t\t<section class=\"elementor-section elementor-top-section elementor-element elementor-element-1f41da9 elementor-section-boxed elementor-section-height-default elementor-section-height-default\" data-id=\"1f41da9\" data-element_type=\"section\" data-e-type=\"section\">\n\t\t\t\t\t\t<div class=\"elementor-container elementor-column-gap-default\">\n\t\t\t\t\t<div class=\"elementor-column elementor-col-50 elementor-top-column elementor-element elementor-element-aaf413a\" data-id=\"aaf413a\" data-element_type=\"column\" data-e-type=\"column\" data-settings=\"{&quot;background_background&quot;:&quot;classic&quot;}\">\n\t\t\t<div class=\"elementor-widget-wrap elementor-element-populated\">\n\t\t\t\t\t\t<div class=\"elementor-element elementor-element-e6eadf7 elementor-widget elementor-widget-video\" data-id=\"e6eadf7\" data-element_type=\"widget\" data-e-type=\"widget\" data-settings=\"{&quot;youtube_url&quot;:&quot;https:\\\/\\\/youtu.be\\\/QkrLgyzvMno&quot;,&quot;show_image_overlay&quot;:&quot;yes&quot;,&quot;image_overlay&quot;:{&quot;url&quot;:&quot;&quot;,&quot;id&quot;:&quot;&quot;,&quot;size&quot;:&quot;&quot;,&quot;alt&quot;:&quot;&quot;,&quot;source&quot;:&quot;library&quot;},&quot;video_type&quot;:&quot;youtube&quot;,&quot;controls&quot;:&quot;yes&quot;}\" data-widget_type=\"video.default\">\n\t\t\t\t<div class=\"elementor-widget-container\">\n\t\t\t\t\t\t\t<div class=\"elementor-wrapper elementor-open-inline\">\n\t\t\t<div class=\"elementor-video\"><\/div>\t\t<\/div>\n\t\t\t\t\t\t<\/div>\n\t\t\t\t<\/div>\n\t\t\t\t\t<\/div>\n\t\t<\/div>\n\t\t\t\t<div class=\"elementor-column elementor-col-50 elementor-top-column elementor-element elementor-element-5b55772\" data-id=\"5b55772\" data-element_type=\"column\" data-e-type=\"column\" data-settings=\"{&quot;background_background&quot;:&quot;classic&quot;}\">\n\t\t\t<div class=\"elementor-widget-wrap elementor-element-populated\">\n\t\t\t\t\t\t<div class=\"elementor-element elementor-element-526b941 elementor-widget elementor-widget-video\" data-id=\"526b941\" data-element_type=\"widget\" data-e-type=\"widget\" data-settings=\"{&quot;youtube_url&quot;:&quot;https:\\\/\\\/youtu.be\\\/E5gAj0hTPrc&quot;,&quot;show_image_overlay&quot;:&quot;yes&quot;,&quot;image_overlay&quot;:{&quot;url&quot;:&quot;&quot;,&quot;id&quot;:&quot;&quot;,&quot;size&quot;:&quot;&quot;,&quot;alt&quot;:&quot;&quot;,&quot;source&quot;:&quot;library&quot;},&quot;video_type&quot;:&quot;youtube&quot;,&quot;controls&quot;:&quot;yes&quot;}\" data-widget_type=\"video.default\">\n\t\t\t\t<div class=\"elementor-widget-container\">\n\t\t\t\t\t\t\t<div class=\"elementor-wrapper elementor-open-inline\">\n\t\t\t<div class=\"elementor-video\"><\/div>\t\t<\/div>\n\t\t\t\t\t\t<\/div>\n\t\t\t\t<\/div>\n\t\t\t\t\t<\/div>\n\t\t<\/div>\n\t\t\t\t\t<\/div>\n\t\t<\/section>\n\t\t\t\t<section class=\"elementor-section elementor-top-section elementor-element elementor-element-d8b2ca5 elementor-section-height-min-height elementor-section-items-stretch elementor-section-boxed elementor-section-height-default\" data-id=\"d8b2ca5\" data-element_type=\"section\" data-e-type=\"section\">\n\t\t\t\t\t\t<div class=\"elementor-container elementor-column-gap-default\">\n\t\t\t\t\t<div class=\"elementor-column elementor-col-100 elementor-top-column elementor-element elementor-element-ef0822b\" data-id=\"ef0822b\" data-element_type=\"column\" data-e-type=\"column\">\n\t\t\t<div class=\"elementor-widget-wrap elementor-element-populated\">\n\t\t\t\t\t\t<div class=\"elementor-element elementor-element-626207b elementor-widget elementor-widget-gallery\" data-id=\"626207b\" data-element_type=\"widget\" data-e-type=\"widget\" data-settings=\"{&quot;gallery_layout&quot;:&quot;justified&quot;,&quot;ideal_row_height&quot;:{&quot;unit&quot;:&quot;px&quot;,&quot;size&quot;:284,&quot;sizes&quot;:[]},&quot;lazyload&quot;:&quot;yes&quot;,&quot;ideal_row_height_tablet&quot;:{&quot;unit&quot;:&quot;px&quot;,&quot;size&quot;:150,&quot;sizes&quot;:[]},&quot;ideal_row_height_mobile&quot;:{&quot;unit&quot;:&quot;px&quot;,&quot;size&quot;:150,&quot;sizes&quot;:[]},&quot;gap&quot;:{&quot;unit&quot;:&quot;px&quot;,&quot;size&quot;:10,&quot;sizes&quot;:[]},&quot;gap_tablet&quot;:{&quot;unit&quot;:&quot;px&quot;,&quot;size&quot;:10,&quot;sizes&quot;:[]},&quot;gap_mobile&quot;:{&quot;unit&quot;:&quot;px&quot;,&quot;size&quot;:10,&quot;sizes&quot;:[]},&quot;link_to&quot;:&quot;file&quot;,&quot;overlay_background&quot;:&quot;yes&quot;,&quot;content_hover_animation&quot;:&quot;fade-in&quot;}\" data-widget_type=\"gallery.default\">\n\t\t\t\t<div class=\"elementor-widget-container\">\n\t\t\t\t\t\t\t<div class=\"elementor-gallery__container\">\n\t\t\t\t\t\t\t<a class=\"e-gallery-item elementor-gallery-item elementor-animated-content\" href=\"https:\/\/positivomusic.com\/wp-content\/uploads\/2024\/02\/billy-burrito-4.jpg\" data-elementor-open-lightbox=\"yes\" data-elementor-lightbox-slideshow=\"626207b\" data-elementor-lightbox-title=\"billy-burrito-4\" data-e-action-hash=\"#elementor-action%3Aaction%3Dlightbox%26settings%3DeyJpZCI6MTkzMCwidXJsIjoiaHR0cHM6XC9cL3Bvc2l0aXZvbXVzaWMuY29tXC93cC1jb250ZW50XC91cGxvYWRzXC8yMDI0XC8wMlwvYmlsbHktYnVycml0by00LmpwZyIsInNsaWRlc2hvdyI6IjYyNjIwN2IifQ%3D%3D\">\n\t\t\t\t\t<div class=\"e-gallery-image elementor-gallery-item__image\" data-thumbnail=\"https:\/\/positivomusic.com\/wp-content\/uploads\/2024\/02\/billy-burrito-4-300x201.jpg\" data-width=\"300\" data-height=\"201\" aria-label=\"\" role=\"img\" ><\/div>\n\t\t\t\t\t\t\t\t\t\t\t<div class=\"elementor-gallery-item__overlay\"><\/div>\n\t\t\t\t\t\t\t\t\t\t\t\t\t\t<\/a>\n\t\t\t\t\t\t\t<a class=\"e-gallery-item elementor-gallery-item elementor-animated-content\" href=\"https:\/\/positivomusic.com\/wp-content\/uploads\/2024\/02\/billy-burrito-3.jpg\" data-elementor-open-lightbox=\"yes\" data-elementor-lightbox-slideshow=\"626207b\" data-elementor-lightbox-title=\"billy-burrito-3\" data-e-action-hash=\"#elementor-action%3Aaction%3Dlightbox%26settings%3DeyJpZCI6MTkyOSwidXJsIjoiaHR0cHM6XC9cL3Bvc2l0aXZvbXVzaWMuY29tXC93cC1jb250ZW50XC91cGxvYWRzXC8yMDI0XC8wMlwvYmlsbHktYnVycml0by0zLmpwZyIsInNsaWRlc2hvdyI6IjYyNjIwN2IifQ%3D%3D\">\n\t\t\t\t\t<div class=\"e-gallery-image elementor-gallery-item__image\" data-thumbnail=\"https:\/\/positivomusic.com\/wp-content\/uploads\/2024\/02\/billy-burrito-3-300x200.jpg\" data-width=\"300\" data-height=\"200\" aria-label=\"\" role=\"img\" ><\/div>\n\t\t\t\t\t\t\t\t\t\t\t<div class=\"elementor-gallery-item__overlay\"><\/div>\n\t\t\t\t\t\t\t\t\t\t\t\t\t\t<\/a>\n\t\t\t\t\t\t\t<a class=\"e-gallery-item elementor-gallery-item elementor-animated-content\" href=\"https:\/\/positivomusic.com\/wp-content\/uploads\/2024\/02\/billy-burrito-2.jpg\" data-elementor-open-lightbox=\"yes\" data-elementor-lightbox-slideshow=\"626207b\" data-elementor-lightbox-title=\"billy-burrito-2\" data-e-action-hash=\"#elementor-action%3Aaction%3Dlightbox%26settings%3DeyJpZCI6MTkyOCwidXJsIjoiaHR0cHM6XC9cL3Bvc2l0aXZvbXVzaWMuY29tXC93cC1jb250ZW50XC91cGxvYWRzXC8yMDI0XC8wMlwvYmlsbHktYnVycml0by0yLmpwZyIsInNsaWRlc2hvdyI6IjYyNjIwN2IifQ%3D%3D\">\n\t\t\t\t\t<div class=\"e-gallery-image elementor-gallery-item__image\" data-thumbnail=\"https:\/\/positivomusic.com\/wp-content\/uploads\/2024\/02\/billy-burrito-2-300x168.jpg\" data-width=\"300\" data-height=\"168\" aria-label=\"\" role=\"img\" ><\/div>\n\t\t\t\t\t\t\t\t\t\t\t<div class=\"elementor-gallery-item__overlay\"><\/div>\n\t\t\t\t\t\t\t\t\t\t\t\t\t\t<\/a>\n\t\t\t\t\t<\/div>\n\t\t\t\t\t<\/div>\n\t\t\t\t<\/div>\n\t\t\t\t\t<\/div>\n\t\t<\/div>\n\t\t\t\t\t<\/div>\n\t\t<\/section>\n\t\t\t\t<\/div>","protected":false},"excerpt":{"rendered":"<p>Musikalischer Walking Act Musikalischer Walking Act , sind \u00e4u\u00dferst vielseitig und k\u00f6nnen in verschiedenen Kontexten auftreten, sei es auf der B\u00fchne gro\u00dfer Musikfestivals, bei Umz\u00fcgen und Paraden, in Jazzclubs, bei Hochzeiten oder Firmenveranstaltungen.Ihre F\u00e4higkeit, sich nahtlos an unterschiedliche Umgebungen anzupassen, macht sie zu einem beliebten musikalischen Element f\u00fcr Veranstaltungen aller Art. Das Zusammenspiel innerhalb einer [&hellip;]<\/p>\n","protected":false},"author":4,"featured_media":0,"parent":1582,"menu_order":0,"comment_status":"closed","ping_status":"closed","template":"","meta":{"footnotes":""},"class_list":["post-1917","page","type-page","status-publish","hentry"],"yoast_head":"<!-- This site is optimized with the Yoast SEO Premium plugin v27.0 (Yoast SEO v27.5) - https:\/\/yoast.com\/product\/yoast-seo-premium-wordpress\/ -->\n<title>Billy Burrito - Positivo<\/title>\n<meta name=\"description\" content=\"Billy Burrito\" \/>\n<meta name=\"robots\" content=\"index, follow, max-snippet:-1, max-image-preview:large, max-video-preview:-1\" \/>\n<link rel=\"canonical\" href=\"https:\/\/positivomusic.com\/en\/special-acts\/billy-burrito\/\" \/>\n<meta property=\"og:locale\" content=\"en_GB\" \/>\n<meta property=\"og:type\" content=\"article\" \/>\n<meta property=\"og:title\" content=\"Billy Burrito\" \/>\n<meta property=\"og:description\" content=\"Billy Burrito\" \/>\n<meta property=\"og:url\" content=\"https:\/\/positivomusic.com\/en\/special-acts\/billy-burrito\/\" \/>\n<meta property=\"og:site_name\" content=\"Positivo\" \/>\n<meta property=\"article:modified_time\" content=\"2025-08-19T16:21:33+00:00\" \/>\n<meta property=\"og:image\" content=\"https:\/\/positivomusic.com\/wp-content\/uploads\/2023\/01\/Logo_1.png\" \/>\n\t<meta property=\"og:image:width\" content=\"900\" \/>\n\t<meta property=\"og:image:height\" content=\"900\" \/>\n\t<meta property=\"og:image:type\" content=\"image\/png\" \/>\n<meta name=\"twitter:card\" content=\"summary_large_image\" \/>\n<meta name=\"twitter:label1\" content=\"Estimated reading time\" \/>\n\t<meta name=\"twitter:data1\" content=\"1 minute\" \/>\n<script type=\"application\/ld+json\" class=\"yoast-schema-graph\">{\"@context\":\"https:\\\/\\\/schema.org\",\"@graph\":[{\"@type\":\"WebPage\",\"@id\":\"https:\\\/\\\/positivomusic.com\\\/special-acts\\\/billy-burrito\\\/\",\"url\":\"https:\\\/\\\/positivomusic.com\\\/special-acts\\\/billy-burrito\\\/\",\"name\":\"Billy Burrito - Positivo\",\"isPartOf\":{\"@id\":\"https:\\\/\\\/positivomusic.com\\\/#website\"},\"datePublished\":\"2024-02-29T15:26:52+00:00\",\"dateModified\":\"2025-08-19T16:21:33+00:00\",\"description\":\"Billy Burrito\",\"breadcrumb\":{\"@id\":\"https:\\\/\\\/positivomusic.com\\\/special-acts\\\/billy-burrito\\\/#breadcrumb\"},\"inLanguage\":\"en-GB\",\"potentialAction\":[{\"@type\":\"ReadAction\",\"target\":[\"https:\\\/\\\/positivomusic.com\\\/special-acts\\\/billy-burrito\\\/\"]}]},{\"@type\":\"BreadcrumbList\",\"@id\":\"https:\\\/\\\/positivomusic.com\\\/special-acts\\\/billy-burrito\\\/#breadcrumb\",\"itemListElement\":[{\"@type\":\"ListItem\",\"position\":1,\"name\":\"Startseite\",\"item\":\"https:\\\/\\\/positivomusic.com\\\/\"},{\"@type\":\"ListItem\",\"position\":2,\"name\":\"Special Acts\",\"item\":\"https:\\\/\\\/positivomusic.com\\\/special-acts\\\/\"},{\"@type\":\"ListItem\",\"position\":3,\"name\":\"Billy Burrito\"}]},{\"@type\":\"WebSite\",\"@id\":\"https:\\\/\\\/positivomusic.com\\\/#website\",\"url\":\"https:\\\/\\\/positivomusic.com\\\/\",\"name\":\"Positivo\",\"description\":\"Music - Live Music Agency\",\"publisher\":{\"@id\":\"https:\\\/\\\/positivomusic.com\\\/#organization\"},\"potentialAction\":[{\"@type\":\"SearchAction\",\"target\":{\"@type\":\"EntryPoint\",\"urlTemplate\":\"https:\\\/\\\/positivomusic.com\\\/?s={search_term_string}\"},\"query-input\":{\"@type\":\"PropertyValueSpecification\",\"valueRequired\":true,\"valueName\":\"search_term_string\"}}],\"inLanguage\":\"en-GB\"},{\"@type\":\"Organization\",\"@id\":\"https:\\\/\\\/positivomusic.com\\\/#organization\",\"name\":\"POSITIVO MUSIC\",\"alternateName\":\"POSITIVO MUSIC\",\"url\":\"https:\\\/\\\/positivomusic.com\\\/\",\"logo\":{\"@type\":\"ImageObject\",\"inLanguage\":\"en-GB\",\"@id\":\"https:\\\/\\\/positivomusic.com\\\/#\\\/schema\\\/logo\\\/image\\\/\",\"url\":\"https:\\\/\\\/positivomusic.com\\\/wp-content\\\/uploads\\\/2023\\\/01\\\/positivo-music-logo-pfade.png\",\"contentUrl\":\"https:\\\/\\\/positivomusic.com\\\/wp-content\\\/uploads\\\/2023\\\/01\\\/positivo-music-logo-pfade.png\",\"width\":1589,\"height\":1577,\"caption\":\"POSITIVO MUSIC\"},\"image\":{\"@id\":\"https:\\\/\\\/positivomusic.com\\\/#\\\/schema\\\/logo\\\/image\\\/\"}}]}<\/script>\n<!-- \/ Yoast SEO Premium plugin. -->","yoast_head_json":{"title":"Billy Burrito - Positivo","description":"Billy Burrito","robots":{"index":"index","follow":"follow","max-snippet":"max-snippet:-1","max-image-preview":"max-image-preview:large","max-video-preview":"max-video-preview:-1"},"canonical":"https:\/\/positivomusic.com\/en\/special-acts\/billy-burrito\/","og_locale":"en_GB","og_type":"article","og_title":"Billy Burrito","og_description":"Billy Burrito","og_url":"https:\/\/positivomusic.com\/en\/special-acts\/billy-burrito\/","og_site_name":"Positivo","article_modified_time":"2025-08-19T16:21:33+00:00","og_image":[{"width":900,"height":900,"url":"https:\/\/positivomusic.com\/wp-content\/uploads\/2023\/01\/Logo_1.png","type":"image\/png"}],"twitter_card":"summary_large_image","twitter_misc":{"Estimated reading time":"1 minute"},"schema":{"@context":"https:\/\/schema.org","@graph":[{"@type":"WebPage","@id":"https:\/\/positivomusic.com\/special-acts\/billy-burrito\/","url":"https:\/\/positivomusic.com\/special-acts\/billy-burrito\/","name":"Billy Burrito - Positivo","isPartOf":{"@id":"https:\/\/positivomusic.com\/#website"},"datePublished":"2024-02-29T15:26:52+00:00","dateModified":"2025-08-19T16:21:33+00:00","description":"Billy Burrito","breadcrumb":{"@id":"https:\/\/positivomusic.com\/special-acts\/billy-burrito\/#breadcrumb"},"inLanguage":"en-GB","potentialAction":[{"@type":"ReadAction","target":["https:\/\/positivomusic.com\/special-acts\/billy-burrito\/"]}]},{"@type":"BreadcrumbList","@id":"https:\/\/positivomusic.com\/special-acts\/billy-burrito\/#breadcrumb","itemListElement":[{"@type":"ListItem","position":1,"name":"Startseite","item":"https:\/\/positivomusic.com\/"},{"@type":"ListItem","position":2,"name":"Special Acts","item":"https:\/\/positivomusic.com\/special-acts\/"},{"@type":"ListItem","position":3,"name":"Billy Burrito"}]},{"@type":"WebSite","@id":"https:\/\/positivomusic.com\/#website","url":"https:\/\/positivomusic.com\/","name":"Positive","description":"Music - Live Music Agency","publisher":{"@id":"https:\/\/positivomusic.com\/#organization"},"potentialAction":[{"@type":"SearchAction","target":{"@type":"EntryPoint","urlTemplate":"https:\/\/positivomusic.com\/?s={search_term_string}"},"query-input":{"@type":"PropertyValueSpecification","valueRequired":true,"valueName":"search_term_string"}}],"inLanguage":"en-GB"},{"@type":"Organization","@id":"https:\/\/positivomusic.com\/#organization","name":"POSITIVO MUSIC","alternateName":"POSITIVO MUSIC","url":"https:\/\/positivomusic.com\/","logo":{"@type":"ImageObject","inLanguage":"en-GB","@id":"https:\/\/positivomusic.com\/#\/schema\/logo\/image\/","url":"https:\/\/positivomusic.com\/wp-content\/uploads\/2023\/01\/positivo-music-logo-pfade.png","contentUrl":"https:\/\/positivomusic.com\/wp-content\/uploads\/2023\/01\/positivo-music-logo-pfade.png","width":1589,"height":1577,"caption":"POSITIVO MUSIC"},"image":{"@id":"https:\/\/positivomusic.com\/#\/schema\/logo\/image\/"}}]}},"_links":{"self":[{"href":"https:\/\/positivomusic.com\/en\/wp-json\/wp\/v2\/pages\/1917","targetHints":{"allow":["GET"]}}],"collection":[{"href":"https:\/\/positivomusic.com\/en\/wp-json\/wp\/v2\/pages"}],"about":[{"href":"https:\/\/positivomusic.com\/en\/wp-json\/wp\/v2\/types\/page"}],"author":[{"embeddable":true,"href":"https:\/\/positivomusic.com\/en\/wp-json\/wp\/v2\/users\/4"}],"replies":[{"embeddable":true,"href":"https:\/\/positivomusic.com\/en\/wp-json\/wp\/v2\/comments?post=1917"}],"version-history":[{"count":10,"href":"https:\/\/positivomusic.com\/en\/wp-json\/wp\/v2\/pages\/1917\/revisions"}],"predecessor-version":[{"id":2768,"href":"https:\/\/positivomusic.com\/en\/wp-json\/wp\/v2\/pages\/1917\/revisions\/2768"}],"up":[{"embeddable":true,"href":"https:\/\/positivomusic.com\/en\/wp-json\/wp\/v2\/pages\/1582"}],"wp:attachment":[{"href":"https:\/\/positivomusic.com\/en\/wp-json\/wp\/v2\/media?parent=1917"}],"curies":[{"name":"wp","href":"https:\/\/api.w.org\/{rel}","templated":true}]}}