{"id":1582,"date":"2024-02-27T17:16:53","date_gmt":"2024-02-27T17:16:53","guid":{"rendered":"https:\/\/positivomusic.com\/?page_id=1582"},"modified":"2025-08-28T16:54:58","modified_gmt":"2025-08-28T16:54:58","slug":"special-acts","status":"publish","type":"page","link":"https:\/\/positivomusic.com\/en\/special-acts\/","title":{"rendered":"Special Acts"},"content":{"rendered":"\t\t<div data-elementor-type=\"wp-page\" data-elementor-id=\"1582\" class=\"elementor elementor-1582\" data-elementor-post-type=\"page\">\n\t\t\t\t\t\t<section class=\"elementor-section elementor-top-section elementor-element elementor-element-124496a elementor-section-height-min-height elementor-section-boxed elementor-section-height-default elementor-section-items-middle\" data-id=\"124496a\" data-element_type=\"section\" data-e-type=\"section\" data-settings=\"{&quot;background_background&quot;:&quot;slideshow&quot;,&quot;background_slideshow_gallery&quot;:[{&quot;id&quot;:1947,&quot;url&quot;:&quot;https:\\\/\\\/positivomusic.com\\\/wp-content\\\/uploads\\\/2024\\\/02\\\/3.jpg&quot;},{&quot;id&quot;:1595,&quot;url&quot;:&quot;https:\\\/\\\/positivomusic.com\\\/wp-content\\\/uploads\\\/2024\\\/02\\\/billy-burrito-opt.jpg&quot;},{&quot;id&quot;:1019,&quot;url&quot;:&quot;https:\\\/\\\/positivomusic.com\\\/wp-content\\\/uploads\\\/2023\\\/03\\\/PIROUETTE-PERFORMANCES-x-positivo-music-live-agency_9.jpg&quot;}],&quot;background_slideshow_loop&quot;:&quot;yes&quot;,&quot;background_slideshow_slide_duration&quot;:5000,&quot;background_slideshow_slide_transition&quot;:&quot;fade&quot;,&quot;background_slideshow_transition_duration&quot;:500}\">\n\t\t\t\t\t\t\t<div class=\"elementor-background-overlay\"><\/div>\n\t\t\t\t\t\t\t<div class=\"elementor-container elementor-column-gap-default\">\n\t\t\t\t\t<div class=\"elementor-column elementor-col-100 elementor-top-column elementor-element elementor-element-838278e\" data-id=\"838278e\" data-element_type=\"column\" data-e-type=\"column\">\n\t\t\t<div class=\"elementor-widget-wrap elementor-element-populated\">\n\t\t\t\t\t\t<div class=\"elementor-element elementor-element-4c9638d elementor-widget elementor-widget-heading\" data-id=\"4c9638d\" data-element_type=\"widget\" data-e-type=\"widget\" data-widget_type=\"heading.default\">\n\t\t\t\t<div class=\"elementor-widget-container\">\n\t\t\t\t\t<h1 class=\"elementor-heading-title elementor-size-default\">Special Acts<\/h1>\t\t\t\t<\/div>\n\t\t\t\t<\/div>\n\t\t\t\t\t<\/div>\n\t\t<\/div>\n\t\t\t\t\t<\/div>\n\t\t<\/section>\n\t\t\t\t<section class=\"elementor-section elementor-top-section elementor-element elementor-element-e18683b elementor-section-content-middle elementor-section-boxed elementor-section-height-default elementor-section-height-default\" data-id=\"e18683b\" data-element_type=\"section\" data-e-type=\"section\">\n\t\t\t\t\t\t<div class=\"elementor-container elementor-column-gap-default\">\n\t\t\t\t\t<div class=\"elementor-column elementor-col-100 elementor-top-column elementor-element elementor-element-75568bd\" data-id=\"75568bd\" data-element_type=\"column\" data-e-type=\"column\">\n\t\t\t<div class=\"elementor-widget-wrap elementor-element-populated\">\n\t\t\t\t\t\t<div class=\"elementor-element elementor-element-3cb6bd5 elementor-widget elementor-widget-heading\" data-id=\"3cb6bd5\" data-element_type=\"widget\" data-e-type=\"widget\" data-widget_type=\"heading.default\">\n\t\t\t\t<div class=\"elementor-widget-container\">\n\t\t\t\t\t<h2 class=\"elementor-heading-title elementor-size-default\">Vielseitige special acts und Walking Acts f\u00fcr Eure Events, Messen, Hochzeiten, Galas und Firmenfeiern.<\/h2>\t\t\t\t<\/div>\n\t\t\t\t<\/div>\n\t\t\t\t<div class=\"elementor-element elementor-element-23262ad elementor-widget elementor-widget-text-editor\" data-id=\"23262ad\" data-element_type=\"widget\" data-e-type=\"widget\" data-widget_type=\"text-editor.default\">\n\t\t\t\t<div class=\"elementor-widget-container\">\n\t\t\t\t\t\t\t\t\t<p>Unsere vielseitigen Special Acts tragen dazu bei, den Erfolg<br \/>Deiner Weihnachtsfeier, Deines Firmenevents, Deiner privaten Feier, Deiner Hochzeit, Deiner Messe, oder Gala zu etwas ganz Besonderem zu machen. Durch ihre Einzigartigkeit,<br \/>Professionalit\u00e4t und den Wow-Effekt sorgen Sie f\u00fcr gro\u00dfe Augen und Emotionen!<\/p><p>Entdecke unser gro\u00dfes Portfolio an T\u00e4nzer:innen, Showgirls, Akrobaten, Moderator:innen, Drumshows, Brass Bands, Walking Acts und Magiern.<\/p>\t\t\t\t\t\t\t\t<\/div>\n\t\t\t\t<\/div>\n\t\t\t\t\t<\/div>\n\t\t<\/div>\n\t\t\t\t\t<\/div>\n\t\t<\/section>\n\t\t\t\t<section class=\"elementor-section elementor-top-section elementor-element elementor-element-26acee1 elementor-section-boxed elementor-section-height-default elementor-section-height-default\" data-id=\"26acee1\" data-element_type=\"section\" data-e-type=\"section\" data-settings=\"{&quot;animation&quot;:&quot;none&quot;}\">\n\t\t\t\t\t\t<div class=\"elementor-container elementor-column-gap-no\">\n\t\t\t\t\t<div class=\"elementor-column elementor-col-50 elementor-top-column elementor-element elementor-element-23bd827\" data-id=\"23bd827\" data-element_type=\"column\" data-e-type=\"column\">\n\t\t\t<div class=\"elementor-widget-wrap elementor-element-populated\">\n\t\t\t\t\t\t<div class=\"elementor-element elementor-element-9944c13 elementor-cta--skin-cover elementor-cta--valign-middle elementor-animated-content elementor-bg-transform elementor-bg-transform-zoom-in elementor-widget elementor-widget-call-to-action\" data-id=\"9944c13\" data-element_type=\"widget\" data-e-type=\"widget\" data-widget_type=\"call-to-action.default\">\n\t\t\t\t<div class=\"elementor-widget-container\">\n\t\t\t\t\t\t\t<a class=\"elementor-cta\" href=\"https:\/\/positivomusic.com\/en\/special-acts\/pirouette-performances\/\">\n\t\t\t\t\t<div class=\"elementor-cta__bg-wrapper\">\n\t\t\t\t<div class=\"elementor-cta__bg elementor-bg\" style=\"background-image: url(https:\/\/positivomusic.com\/wp-content\/uploads\/2024\/02\/pirouette-opt.jpg);\" role=\"img\" aria-label=\"pirouette-opt\"><\/div>\n\t\t\t\t<div class=\"elementor-cta__bg-overlay\"><\/div>\n\t\t\t<\/div>\n\t\t\t\t\t\t\t<div class=\"elementor-cta__content\">\n\t\t\t\t\n\t\t\t\t\n\t\t\t\t\t\t\t\t\t<div class=\"elementor-cta__description elementor-cta__content-item elementor-content-item elementor-animated-item--enter-zoom-in\">\n\t\t\t\t\t\tShowgirls\t\t\t\t\t<\/div>\n\t\t\t\t\n\t\t\t\t\t\t\t<\/div>\n\t\t\t\t\t\t<\/a>\n\t\t\t\t\t\t<\/div>\n\t\t\t\t<\/div>\n\t\t\t\t\t<\/div>\n\t\t<\/div>\n\t\t\t\t<div class=\"elementor-column elementor-col-50 elementor-top-column elementor-element elementor-element-2c2a109\" data-id=\"2c2a109\" data-element_type=\"column\" data-e-type=\"column\">\n\t\t\t<div class=\"elementor-widget-wrap elementor-element-populated\">\n\t\t\t\t\t\t<div class=\"elementor-element elementor-element-b6da0c2 elementor-cta--skin-cover elementor-cta--valign-middle elementor-animated-content elementor-bg-transform elementor-bg-transform-zoom-in elementor-widget elementor-widget-call-to-action\" data-id=\"b6da0c2\" data-element_type=\"widget\" data-e-type=\"widget\" data-widget_type=\"call-to-action.default\">\n\t\t\t\t<div class=\"elementor-widget-container\">\n\t\t\t\t\t\t\t<a class=\"elementor-cta\" href=\"https:\/\/positivomusic.com\/en\/special-acts\/copenhagen-drummers\/\">\n\t\t\t\t\t<div class=\"elementor-cta__bg-wrapper\">\n\t\t\t\t<div class=\"elementor-cta__bg elementor-bg\" style=\"background-image: url(https:\/\/positivomusic.com\/wp-content\/uploads\/2025\/01\/copenhagen-drummers-live.jpg);\" role=\"img\" aria-label=\"copenhagen-drummers-live\"><\/div>\n\t\t\t\t<div class=\"elementor-cta__bg-overlay\"><\/div>\n\t\t\t<\/div>\n\t\t\t\t\t\t\t<div class=\"elementor-cta__content\">\n\t\t\t\t\n\t\t\t\t\n\t\t\t\t\t\t\t\t\t<div class=\"elementor-cta__description elementor-cta__content-item elementor-content-item elementor-animated-item--enter-zoom-in\">\n\t\t\t\t\t\tDrum Show\t\t\t\t\t<\/div>\n\t\t\t\t\n\t\t\t\t\t\t\t<\/div>\n\t\t\t\t\t\t<\/a>\n\t\t\t\t\t\t<\/div>\n\t\t\t\t<\/div>\n\t\t\t\t\t<\/div>\n\t\t<\/div>\n\t\t\t\t\t<\/div>\n\t\t<\/section>\n\t\t\t\t<section class=\"elementor-section elementor-top-section elementor-element elementor-element-5829537 elementor-section-boxed elementor-section-height-default elementor-section-height-default\" data-id=\"5829537\" data-element_type=\"section\" data-e-type=\"section\" data-settings=\"{&quot;animation&quot;:&quot;none&quot;}\">\n\t\t\t\t\t\t<div class=\"elementor-container elementor-column-gap-no\">\n\t\t\t\t\t<div class=\"elementor-column elementor-col-50 elementor-top-column elementor-element elementor-element-f4a7a78\" data-id=\"f4a7a78\" data-element_type=\"column\" data-e-type=\"column\">\n\t\t\t<div class=\"elementor-widget-wrap elementor-element-populated\">\n\t\t\t\t\t\t<div class=\"elementor-element elementor-element-4facea6 elementor-cta--skin-cover elementor-cta--valign-middle elementor-animated-content elementor-bg-transform elementor-bg-transform-zoom-in elementor-widget elementor-widget-call-to-action\" data-id=\"4facea6\" data-element_type=\"widget\" data-e-type=\"widget\" data-widget_type=\"call-to-action.default\">\n\t\t\t\t<div class=\"elementor-widget-container\">\n\t\t\t\t\t\t\t<a class=\"elementor-cta\" href=\"https:\/\/positivomusic.com\/en\/special-acts\/hej-kamon\/\">\n\t\t\t\t\t<div class=\"elementor-cta__bg-wrapper\">\n\t\t\t\t<div class=\"elementor-cta__bg elementor-bg\" style=\"background-image: url(https:\/\/positivomusic.com\/wp-content\/uploads\/2024\/02\/hej-kamon-opt.jpg);\" role=\"img\" aria-label=\"hej-kamon-opt\"><\/div>\n\t\t\t\t<div class=\"elementor-cta__bg-overlay\"><\/div>\n\t\t\t<\/div>\n\t\t\t\t\t\t\t<div class=\"elementor-cta__content\">\n\t\t\t\t\n\t\t\t\t\n\t\t\t\t\t\t\t\t\t<div class=\"elementor-cta__description elementor-cta__content-item elementor-content-item elementor-animated-item--enter-zoom-in\">\n\t\t\t\t\t\tMusikalischer Walking Act \t\t\t\t\t<\/div>\n\t\t\t\t\n\t\t\t\t\t\t\t<\/div>\n\t\t\t\t\t\t<\/a>\n\t\t\t\t\t\t<\/div>\n\t\t\t\t<\/div>\n\t\t\t\t\t<\/div>\n\t\t<\/div>\n\t\t\t\t<div class=\"elementor-column elementor-col-50 elementor-top-column elementor-element elementor-element-54d09ab\" data-id=\"54d09ab\" data-element_type=\"column\" data-e-type=\"column\">\n\t\t\t<div class=\"elementor-widget-wrap elementor-element-populated\">\n\t\t\t\t\t\t<div class=\"elementor-element elementor-element-185e001 elementor-cta--skin-cover elementor-cta--valign-middle elementor-animated-content elementor-bg-transform elementor-bg-transform-zoom-in elementor-widget elementor-widget-call-to-action\" data-id=\"185e001\" data-element_type=\"widget\" data-e-type=\"widget\" data-widget_type=\"call-to-action.default\">\n\t\t\t\t<div class=\"elementor-widget-container\">\n\t\t\t\t\t\t\t<a class=\"elementor-cta\" href=\"https:\/\/positivomusic.com\/en\/special-acts\/billy-burrito\/\">\n\t\t\t\t\t<div class=\"elementor-cta__bg-wrapper\">\n\t\t\t\t<div class=\"elementor-cta__bg elementor-bg\" style=\"background-image: url(https:\/\/positivomusic.com\/wp-content\/uploads\/2024\/02\/billy-burrito-opt.jpg);\" role=\"img\" aria-label=\"billy-burrito-opt\"><\/div>\n\t\t\t\t<div class=\"elementor-cta__bg-overlay\"><\/div>\n\t\t\t<\/div>\n\t\t\t\t\t\t\t<div class=\"elementor-cta__content\">\n\t\t\t\t\n\t\t\t\t\n\t\t\t\t\t\t\t\t\t<div class=\"elementor-cta__description elementor-cta__content-item elementor-content-item elementor-animated-item--enter-zoom-in\">\n\t\t\t\t\t\tMusikalischer Walking Act \t\t\t\t\t<\/div>\n\t\t\t\t\n\t\t\t\t\t\t\t<\/div>\n\t\t\t\t\t\t<\/a>\n\t\t\t\t\t\t<\/div>\n\t\t\t\t<\/div>\n\t\t\t\t\t<\/div>\n\t\t<\/div>\n\t\t\t\t\t<\/div>\n\t\t<\/section>\n\t\t\t\t<\/div>\n\t\t","protected":false},"excerpt":{"rendered":"<p>Special Acts Vielseitige special acts und Walking Acts f\u00fcr Eure Events, Messen, Hochzeiten, Galas und Firmenfeiern. Unsere vielseitigen Special Acts tragen dazu bei, den ErfolgDeiner Weihnachtsfeier, Deines Firmenevents, Deiner privaten Feier, Deiner Hochzeit, Deiner Messe, oder Gala zu etwas ganz Besonderem zu machen. Durch ihre Einzigartigkeit,Professionalit\u00e4t und den Wow-Effekt sorgen Sie f\u00fcr gro\u00dfe Augen und [&hellip;]<\/p>\n","protected":false},"author":4,"featured_media":0,"parent":0,"menu_order":0,"comment_status":"closed","ping_status":"closed","template":"elementor_header_footer","meta":{"footnotes":""},"class_list":["post-1582","page","type-page","status-publish","hentry"],"yoast_head":"<!-- This site is optimized with the Yoast SEO Premium plugin v27.0 (Yoast SEO v27.5) - https:\/\/yoast.com\/product\/yoast-seo-premium-wordpress\/ -->\n<title>Special Acts - Positivo<\/title>\n<meta name=\"description\" content=\"Unsere besonderen Special Acts tragen dazu bei, den ErfolgDeines Events zu etwas ganz Besonderem zu machen. Durch ihre Einzigartigkeit...\" \/>\n<meta name=\"robots\" content=\"index, follow, max-snippet:-1, max-image-preview:large, max-video-preview:-1\" \/>\n<link rel=\"canonical\" href=\"https:\/\/positivomusic.com\/en\/special-acts\/\" \/>\n<meta property=\"og:locale\" content=\"en_GB\" \/>\n<meta property=\"og:type\" content=\"article\" \/>\n<meta property=\"og:title\" content=\"Special Acts\" \/>\n<meta property=\"og:description\" content=\"Unsere besonderen Special Acts tragen dazu bei, den ErfolgDeines Events zu etwas ganz Besonderem zu machen. Durch ihre Einzigartigkeit...\" \/>\n<meta property=\"og:url\" content=\"https:\/\/positivomusic.com\/en\/special-acts\/\" \/>\n<meta property=\"og:site_name\" content=\"Positivo\" \/>\n<meta property=\"article:modified_time\" content=\"2025-08-28T16:54:58+00:00\" \/>\n<meta property=\"og:image\" content=\"https:\/\/positivomusic.com\/wp-content\/uploads\/2023\/01\/Logo_1.png\" \/>\n\t<meta property=\"og:image:width\" content=\"900\" \/>\n\t<meta property=\"og:image:height\" content=\"900\" \/>\n\t<meta property=\"og:image:type\" content=\"image\/png\" \/>\n<meta name=\"twitter:card\" content=\"summary_large_image\" \/>\n<meta name=\"twitter:label1\" content=\"Estimated reading time\" \/>\n\t<meta name=\"twitter:data1\" content=\"1 minute\" \/>\n<script type=\"application\/ld+json\" class=\"yoast-schema-graph\">{\"@context\":\"https:\\\/\\\/schema.org\",\"@graph\":[{\"@type\":\"WebPage\",\"@id\":\"https:\\\/\\\/positivomusic.com\\\/special-acts\\\/\",\"url\":\"https:\\\/\\\/positivomusic.com\\\/special-acts\\\/\",\"name\":\"Special Acts - Positivo\",\"isPartOf\":{\"@id\":\"https:\\\/\\\/positivomusic.com\\\/#website\"},\"datePublished\":\"2024-02-27T17:16:53+00:00\",\"dateModified\":\"2025-08-28T16:54:58+00:00\",\"description\":\"Unsere besonderen Special Acts tragen dazu bei, den ErfolgDeines Events zu etwas ganz Besonderem zu machen. Durch ihre Einzigartigkeit...\",\"breadcrumb\":{\"@id\":\"https:\\\/\\\/positivomusic.com\\\/special-acts\\\/#breadcrumb\"},\"inLanguage\":\"en-GB\",\"potentialAction\":[{\"@type\":\"ReadAction\",\"target\":[\"https:\\\/\\\/positivomusic.com\\\/special-acts\\\/\"]}]},{\"@type\":\"BreadcrumbList\",\"@id\":\"https:\\\/\\\/positivomusic.com\\\/special-acts\\\/#breadcrumb\",\"itemListElement\":[{\"@type\":\"ListItem\",\"position\":1,\"name\":\"Startseite\",\"item\":\"https:\\\/\\\/positivomusic.com\\\/\"},{\"@type\":\"ListItem\",\"position\":2,\"name\":\"Special Acts\"}]},{\"@type\":\"WebSite\",\"@id\":\"https:\\\/\\\/positivomusic.com\\\/#website\",\"url\":\"https:\\\/\\\/positivomusic.com\\\/\",\"name\":\"Positivo\",\"description\":\"Music - Live Music Agency\",\"publisher\":{\"@id\":\"https:\\\/\\\/positivomusic.com\\\/#organization\"},\"potentialAction\":[{\"@type\":\"SearchAction\",\"target\":{\"@type\":\"EntryPoint\",\"urlTemplate\":\"https:\\\/\\\/positivomusic.com\\\/?s={search_term_string}\"},\"query-input\":{\"@type\":\"PropertyValueSpecification\",\"valueRequired\":true,\"valueName\":\"search_term_string\"}}],\"inLanguage\":\"en-GB\"},{\"@type\":\"Organization\",\"@id\":\"https:\\\/\\\/positivomusic.com\\\/#organization\",\"name\":\"POSITIVO MUSIC\",\"alternateName\":\"POSITIVO MUSIC\",\"url\":\"https:\\\/\\\/positivomusic.com\\\/\",\"logo\":{\"@type\":\"ImageObject\",\"inLanguage\":\"en-GB\",\"@id\":\"https:\\\/\\\/positivomusic.com\\\/#\\\/schema\\\/logo\\\/image\\\/\",\"url\":\"https:\\\/\\\/positivomusic.com\\\/wp-content\\\/uploads\\\/2023\\\/01\\\/positivo-music-logo-pfade.png\",\"contentUrl\":\"https:\\\/\\\/positivomusic.com\\\/wp-content\\\/uploads\\\/2023\\\/01\\\/positivo-music-logo-pfade.png\",\"width\":1589,\"height\":1577,\"caption\":\"POSITIVO MUSIC\"},\"image\":{\"@id\":\"https:\\\/\\\/positivomusic.com\\\/#\\\/schema\\\/logo\\\/image\\\/\"}}]}<\/script>\n<!-- \/ Yoast SEO Premium plugin. -->","yoast_head_json":{"title":"Special Acts - Positivo","description":"Our unique special acts help make your event a truly special success. Their uniqueness...","robots":{"index":"index","follow":"follow","max-snippet":"max-snippet:-1","max-image-preview":"max-image-preview:large","max-video-preview":"max-video-preview:-1"},"canonical":"https:\/\/positivomusic.com\/en\/special-acts\/","og_locale":"en_GB","og_type":"article","og_title":"Special Acts","og_description":"Unsere besonderen Special Acts tragen dazu bei, den ErfolgDeines Events zu etwas ganz Besonderem zu machen. Durch ihre Einzigartigkeit...","og_url":"https:\/\/positivomusic.com\/en\/special-acts\/","og_site_name":"Positivo","article_modified_time":"2025-08-28T16:54:58+00:00","og_image":[{"width":900,"height":900,"url":"https:\/\/positivomusic.com\/wp-content\/uploads\/2023\/01\/Logo_1.png","type":"image\/png"}],"twitter_card":"summary_large_image","twitter_misc":{"Estimated reading time":"1 minute"},"schema":{"@context":"https:\/\/schema.org","@graph":[{"@type":"WebPage","@id":"https:\/\/positivomusic.com\/special-acts\/","url":"https:\/\/positivomusic.com\/special-acts\/","name":"Special Acts - Positivo","isPartOf":{"@id":"https:\/\/positivomusic.com\/#website"},"datePublished":"2024-02-27T17:16:53+00:00","dateModified":"2025-08-28T16:54:58+00:00","description":"Our unique special acts help make your event a truly special success. Their uniqueness...","breadcrumb":{"@id":"https:\/\/positivomusic.com\/special-acts\/#breadcrumb"},"inLanguage":"en-GB","potentialAction":[{"@type":"ReadAction","target":["https:\/\/positivomusic.com\/special-acts\/"]}]},{"@type":"BreadcrumbList","@id":"https:\/\/positivomusic.com\/special-acts\/#breadcrumb","itemListElement":[{"@type":"ListItem","position":1,"name":"Startseite","item":"https:\/\/positivomusic.com\/"},{"@type":"ListItem","position":2,"name":"Special Acts"}]},{"@type":"WebSite","@id":"https:\/\/positivomusic.com\/#website","url":"https:\/\/positivomusic.com\/","name":"Positive","description":"Music - Live Music Agency","publisher":{"@id":"https:\/\/positivomusic.com\/#organization"},"potentialAction":[{"@type":"SearchAction","target":{"@type":"EntryPoint","urlTemplate":"https:\/\/positivomusic.com\/?s={search_term_string}"},"query-input":{"@type":"PropertyValueSpecification","valueRequired":true,"valueName":"search_term_string"}}],"inLanguage":"en-GB"},{"@type":"Organization","@id":"https:\/\/positivomusic.com\/#organization","name":"POSITIVO MUSIC","alternateName":"POSITIVO MUSIC","url":"https:\/\/positivomusic.com\/","logo":{"@type":"ImageObject","inLanguage":"en-GB","@id":"https:\/\/positivomusic.com\/#\/schema\/logo\/image\/","url":"https:\/\/positivomusic.com\/wp-content\/uploads\/2023\/01\/positivo-music-logo-pfade.png","contentUrl":"https:\/\/positivomusic.com\/wp-content\/uploads\/2023\/01\/positivo-music-logo-pfade.png","width":1589,"height":1577,"caption":"POSITIVO MUSIC"},"image":{"@id":"https:\/\/positivomusic.com\/#\/schema\/logo\/image\/"}}]}},"_links":{"self":[{"href":"https:\/\/positivomusic.com\/en\/wp-json\/wp\/v2\/pages\/1582","targetHints":{"allow":["GET"]}}],"collection":[{"href":"https:\/\/positivomusic.com\/en\/wp-json\/wp\/v2\/pages"}],"about":[{"href":"https:\/\/positivomusic.com\/en\/wp-json\/wp\/v2\/types\/page"}],"author":[{"embeddable":true,"href":"https:\/\/positivomusic.com\/en\/wp-json\/wp\/v2\/users\/4"}],"replies":[{"embeddable":true,"href":"https:\/\/positivomusic.com\/en\/wp-json\/wp\/v2\/comments?post=1582"}],"version-history":[{"count":10,"href":"https:\/\/positivomusic.com\/en\/wp-json\/wp\/v2\/pages\/1582\/revisions"}],"predecessor-version":[{"id":2772,"href":"https:\/\/positivomusic.com\/en\/wp-json\/wp\/v2\/pages\/1582\/revisions\/2772"}],"wp:attachment":[{"href":"https:\/\/positivomusic.com\/en\/wp-json\/wp\/v2\/media?parent=1582"}],"curies":[{"name":"wp","href":"https:\/\/api.w.org\/{rel}","templated":true}]}}