{"id":1176,"date":"2023-06-13T06:49:11","date_gmt":"2023-06-13T06:49:11","guid":{"rendered":"https:\/\/positivomusic.com\/cosmopauli-copy\/"},"modified":"2025-08-12T15:48:50","modified_gmt":"2025-08-12T15:48:50","slug":"fire-and-ice","status":"publish","type":"page","link":"https:\/\/positivomusic.com\/en\/coverbands\/fire-and-ice\/","title":{"rendered":"Fire and Ice"},"content":{"rendered":"\t\t<div data-elementor-type=\"wp-page\" data-elementor-id=\"1176\" class=\"elementor elementor-1176\" data-elementor-post-type=\"page\">\n\t\t\t\t\t\t<section class=\"elementor-section elementor-top-section elementor-element elementor-element-5f812f8 elementor-section-height-min-height elementor-section-boxed elementor-section-height-default elementor-section-items-middle\" data-id=\"5f812f8\" data-element_type=\"section\" data-e-type=\"section\" data-settings=\"{&quot;background_background&quot;:&quot;classic&quot;}\">\n\t\t\t\t\t\t\t<div class=\"elementor-background-overlay\"><\/div>\n\t\t\t\t\t\t\t<div class=\"elementor-container elementor-column-gap-default\">\n\t\t\t\t\t<div class=\"elementor-column elementor-col-100 elementor-top-column elementor-element elementor-element-25142b6\" data-id=\"25142b6\" data-element_type=\"column\" data-e-type=\"column\">\n\t\t\t<div class=\"elementor-widget-wrap elementor-element-populated\">\n\t\t\t\t\t\t<div class=\"elementor-element elementor-element-c72f9e3 elementor-widget elementor-widget-heading\" data-id=\"c72f9e3\" data-element_type=\"widget\" data-e-type=\"widget\" data-widget_type=\"heading.default\">\n\t\t\t\t<div class=\"elementor-widget-container\">\n\t\t\t\t\t<h2 class=\"elementor-heading-title elementor-size-default\">Coverband<\/h2>\t\t\t\t<\/div>\n\t\t\t\t<\/div>\n\t\t\t\t\t<\/div>\n\t\t<\/div>\n\t\t\t\t\t<\/div>\n\t\t<\/section>\n\t\t\t\t<section class=\"elementor-section elementor-top-section elementor-element elementor-element-b867e8c elementor-section-content-middle elementor-section-boxed elementor-section-height-default elementor-section-height-default\" data-id=\"b867e8c\" data-element_type=\"section\" data-e-type=\"section\">\n\t\t\t\t\t\t<div class=\"elementor-container elementor-column-gap-default\">\n\t\t\t\t\t<div class=\"elementor-column elementor-col-100 elementor-top-column elementor-element elementor-element-b432b7e\" data-id=\"b432b7e\" data-element_type=\"column\" data-e-type=\"column\">\n\t\t\t<div class=\"elementor-widget-wrap elementor-element-populated\">\n\t\t\t\t\t\t<div class=\"elementor-element elementor-element-e02007d elementor-widget elementor-widget-text-editor\" data-id=\"e02007d\" data-element_type=\"widget\" data-e-type=\"widget\" data-widget_type=\"text-editor.default\">\n\t\t\t\t<div class=\"elementor-widget-container\">\n\t\t\t\t\t\t\t\t\t<p>Mit fast 10 Jahren Erfahrung im High-End-Unternehmensbereich Veranstaltungen, private Feiern und Luxushochzeiten pr\u00e4sentieren wir Euch die Coverband. Die erstklassige Band f\u00fcr Hochzeiten und private Veranstaltungen Erfahrung. Wenn Sie auf der Suche nach etwas Frischem und Neuem auf diesem Gebiet sind von Live-Band-Unterhaltung f\u00fcr Luxusveranstaltungen, dann sind Sie hier genau richtig weiter. Die Band besteht aus erstklassigen S\u00e4ngern und Musiker aus Deutschland, Gro\u00dfbritannien und Frankreich. Kevin Iszard, Der Gr\u00fcnder und Leads\u00e4nger der Band, stammt aus den USA und ist mit vielen von ihnen aufgetreten und hat die B\u00fchne geteilt Legenden der Popmusik. Um nur einige zu nennen: Stevie Wonder, Mariah Carey, James Brown, Alicia Keys, Beyonc\u00e9, Jay Z, und Chaka Kahn.<\/p>\t\t\t\t\t\t\t\t<\/div>\n\t\t\t\t<\/div>\n\t\t\t\t\t<\/div>\n\t\t<\/div>\n\t\t\t\t\t<\/div>\n\t\t<\/section>\n\t\t\t\t<section class=\"elementor-section elementor-top-section elementor-element elementor-element-1f41da9 elementor-section-boxed elementor-section-height-default elementor-section-height-default\" data-id=\"1f41da9\" data-element_type=\"section\" data-e-type=\"section\">\n\t\t\t\t\t\t<div class=\"elementor-container elementor-column-gap-default\">\n\t\t\t\t\t<div class=\"elementor-column elementor-col-100 elementor-top-column elementor-element elementor-element-aaf413a\" data-id=\"aaf413a\" data-element_type=\"column\" data-e-type=\"column\" data-settings=\"{&quot;background_background&quot;:&quot;classic&quot;}\">\n\t\t\t<div class=\"elementor-widget-wrap elementor-element-populated\">\n\t\t\t\t\t\t<div class=\"elementor-element elementor-element-e6eadf7 elementor-widget elementor-widget-video\" data-id=\"e6eadf7\" data-element_type=\"widget\" data-e-type=\"widget\" data-settings=\"{&quot;youtube_url&quot;:&quot;https:\\\/\\\/youtu.be\\\/26zjLsChP-o&quot;,&quot;show_image_overlay&quot;:&quot;yes&quot;,&quot;image_overlay&quot;:{&quot;url&quot;:&quot;https:\\\/\\\/positivomusic.com\\\/wp-content\\\/uploads\\\/2023\\\/06\\\/image5.jpeg&quot;,&quot;id&quot;:1179,&quot;size&quot;:&quot;&quot;,&quot;alt&quot;:&quot;&quot;,&quot;source&quot;:&quot;library&quot;},&quot;motion_fx_motion_fx_scrolling&quot;:&quot;yes&quot;,&quot;motion_fx_scale_effect&quot;:&quot;yes&quot;,&quot;motion_fx_scale_speed&quot;:{&quot;unit&quot;:&quot;px&quot;,&quot;size&quot;:3,&quot;sizes&quot;:[]},&quot;motion_fx_scale_range&quot;:{&quot;unit&quot;:&quot;%&quot;,&quot;size&quot;:&quot;&quot;,&quot;sizes&quot;:{&quot;start&quot;:50,&quot;end&quot;:100}},&quot;video_type&quot;:&quot;youtube&quot;,&quot;controls&quot;:&quot;yes&quot;,&quot;motion_fx_scale_direction&quot;:&quot;out-in&quot;,&quot;motion_fx_devices&quot;:[&quot;desktop&quot;,&quot;tablet&quot;,&quot;mobile&quot;]}\" data-widget_type=\"video.default\">\n\t\t\t\t<div class=\"elementor-widget-container\">\n\t\t\t\t\t\t\t<div class=\"elementor-wrapper elementor-open-inline\">\n\t\t\t<div class=\"elementor-video\"><\/div>\t\t\t\t<div class=\"elementor-custom-embed-image-overlay\" style=\"background-image: url(https:\/\/positivomusic.com\/wp-content\/uploads\/2023\/06\/image5.jpeg);\">\n\t\t\t\t\t\t\t\t\t\t\t\t\t\t\t\t<div class=\"elementor-custom-embed-play\" role=\"button\" aria-label=\"Video abspielen\" tabindex=\"0\">\n\t\t\t\t\t\t\t<i aria-hidden=\"true\" class=\"eicon-play\"><\/i>\t\t\t\t\t\t<\/div>\n\t\t\t\t\t\t\t\t\t<\/div>\n\t\t\t\t\t<\/div>\n\t\t\t\t\t\t<\/div>\n\t\t\t\t<\/div>\n\t\t\t\t\t<\/div>\n\t\t<\/div>\n\t\t\t\t\t<\/div>\n\t\t<\/section>\n\t\t\t\t<section class=\"elementor-section elementor-top-section elementor-element elementor-element-28309e6 elementor-section-height-min-height elementor-section-items-stretch elementor-section-boxed elementor-section-height-default\" data-id=\"28309e6\" data-element_type=\"section\" data-e-type=\"section\">\n\t\t\t\t\t\t<div class=\"elementor-container elementor-column-gap-default\">\n\t\t\t\t\t<div class=\"elementor-column elementor-col-100 elementor-top-column elementor-element elementor-element-5b36853\" data-id=\"5b36853\" data-element_type=\"column\" data-e-type=\"column\">\n\t\t\t<div class=\"elementor-widget-wrap elementor-element-populated\">\n\t\t\t\t\t\t<div class=\"elementor-element elementor-element-0064e2e elementor-widget elementor-widget-gallery\" data-id=\"0064e2e\" data-element_type=\"widget\" data-e-type=\"widget\" data-settings=\"{&quot;gallery_layout&quot;:&quot;justified&quot;,&quot;lazyload&quot;:&quot;yes&quot;,&quot;ideal_row_height&quot;:{&quot;unit&quot;:&quot;px&quot;,&quot;size&quot;:200,&quot;sizes&quot;:[]},&quot;ideal_row_height_tablet&quot;:{&quot;unit&quot;:&quot;px&quot;,&quot;size&quot;:150,&quot;sizes&quot;:[]},&quot;ideal_row_height_mobile&quot;:{&quot;unit&quot;:&quot;px&quot;,&quot;size&quot;:150,&quot;sizes&quot;:[]},&quot;gap&quot;:{&quot;unit&quot;:&quot;px&quot;,&quot;size&quot;:10,&quot;sizes&quot;:[]},&quot;gap_tablet&quot;:{&quot;unit&quot;:&quot;px&quot;,&quot;size&quot;:10,&quot;sizes&quot;:[]},&quot;gap_mobile&quot;:{&quot;unit&quot;:&quot;px&quot;,&quot;size&quot;:10,&quot;sizes&quot;:[]},&quot;link_to&quot;:&quot;file&quot;,&quot;overlay_background&quot;:&quot;yes&quot;,&quot;content_hover_animation&quot;:&quot;fade-in&quot;}\" data-widget_type=\"gallery.default\">\n\t\t\t\t<div class=\"elementor-widget-container\">\n\t\t\t\t\t\t\t<div class=\"elementor-gallery__container\">\n\t\t\t\t\t\t\t<a class=\"e-gallery-item elementor-gallery-item elementor-animated-content\" href=\"https:\/\/positivomusic.com\/wp-content\/uploads\/2024\/03\/fire-and-ice.jpg\" data-elementor-open-lightbox=\"yes\" data-elementor-lightbox-slideshow=\"0064e2e\" data-elementor-lightbox-title=\"fire-and-ice\" data-e-action-hash=\"#elementor-action%3Aaction%3Dlightbox%26settings%3DeyJpZCI6MjEzNSwidXJsIjoiaHR0cHM6XC9cL3Bvc2l0aXZvbXVzaWMuY29tXC93cC1jb250ZW50XC91cGxvYWRzXC8yMDI0XC8wM1wvZmlyZS1hbmQtaWNlLmpwZyIsInNsaWRlc2hvdyI6IjAwNjRlMmUifQ%3D%3D\">\n\t\t\t\t\t<div class=\"e-gallery-image elementor-gallery-item__image\" data-thumbnail=\"https:\/\/positivomusic.com\/wp-content\/uploads\/2024\/03\/fire-and-ice-300x226.jpg\" data-width=\"300\" data-height=\"226\" aria-label=\"\" role=\"img\" ><\/div>\n\t\t\t\t\t\t\t\t\t\t\t<div class=\"elementor-gallery-item__overlay\"><\/div>\n\t\t\t\t\t\t\t\t\t\t\t\t\t\t<\/a>\n\t\t\t\t\t\t\t<a class=\"e-gallery-item elementor-gallery-item elementor-animated-content\" href=\"https:\/\/positivomusic.com\/wp-content\/uploads\/2023\/06\/image4.jpeg\" data-elementor-open-lightbox=\"yes\" data-elementor-lightbox-slideshow=\"0064e2e\" data-elementor-lightbox-title=\"image4\" data-e-action-hash=\"#elementor-action%3Aaction%3Dlightbox%26settings%3DeyJpZCI6MTE4MCwidXJsIjoiaHR0cHM6XC9cL3Bvc2l0aXZvbXVzaWMuY29tXC93cC1jb250ZW50XC91cGxvYWRzXC8yMDIzXC8wNlwvaW1hZ2U0LmpwZWciLCJzbGlkZXNob3ciOiIwMDY0ZTJlIn0%3D\">\n\t\t\t\t\t<div class=\"e-gallery-image elementor-gallery-item__image\" data-thumbnail=\"https:\/\/positivomusic.com\/wp-content\/uploads\/2023\/06\/image4-300x256.jpeg\" data-width=\"300\" data-height=\"256\" aria-label=\"\" role=\"img\" ><\/div>\n\t\t\t\t\t\t\t\t\t\t\t<div class=\"elementor-gallery-item__overlay\"><\/div>\n\t\t\t\t\t\t\t\t\t\t\t\t\t\t<\/a>\n\t\t\t\t\t\t\t<a class=\"e-gallery-item elementor-gallery-item elementor-animated-content\" href=\"https:\/\/positivomusic.com\/wp-content\/uploads\/2023\/06\/DSC_1755.jpeg\" data-elementor-open-lightbox=\"yes\" data-elementor-lightbox-slideshow=\"0064e2e\" data-elementor-lightbox-title=\"DSC_1755\" data-e-action-hash=\"#elementor-action%3Aaction%3Dlightbox%26settings%3DeyJpZCI6MTE3OCwidXJsIjoiaHR0cHM6XC9cL3Bvc2l0aXZvbXVzaWMuY29tXC93cC1jb250ZW50XC91cGxvYWRzXC8yMDIzXC8wNlwvRFNDXzE3NTUuanBlZyIsInNsaWRlc2hvdyI6IjAwNjRlMmUifQ%3D%3D\">\n\t\t\t\t\t<div class=\"e-gallery-image elementor-gallery-item__image\" data-thumbnail=\"https:\/\/positivomusic.com\/wp-content\/uploads\/2023\/06\/DSC_1755-300x200.jpeg\" data-width=\"300\" data-height=\"200\" aria-label=\"\" role=\"img\" ><\/div>\n\t\t\t\t\t\t\t\t\t\t\t<div class=\"elementor-gallery-item__overlay\"><\/div>\n\t\t\t\t\t\t\t\t\t\t\t\t\t\t<\/a>\n\t\t\t\t\t<\/div>\n\t\t\t\t\t<\/div>\n\t\t\t\t<\/div>\n\t\t\t\t\t<\/div>\n\t\t<\/div>\n\t\t\t\t\t<\/div>\n\t\t<\/section>\n\t\t\t\t<\/div>\n\t\t","protected":false},"excerpt":{"rendered":"<p>Coverband Mit fast 10 Jahren Erfahrung im High-End-Unternehmensbereich Veranstaltungen, private Feiern und Luxushochzeiten pr\u00e4sentieren wir Euch die Coverband. Die erstklassige Band f\u00fcr Hochzeiten und private Veranstaltungen Erfahrung. Wenn Sie auf der Suche nach etwas Frischem und Neuem auf diesem Gebiet sind von Live-Band-Unterhaltung f\u00fcr Luxusveranstaltungen, dann sind Sie hier genau richtig weiter. Die Band besteht [&hellip;]<\/p>\n","protected":false},"author":1,"featured_media":0,"parent":623,"menu_order":0,"comment_status":"closed","ping_status":"closed","template":"","meta":{"footnotes":""},"class_list":["post-1176","page","type-page","status-publish","hentry"],"yoast_head":"<!-- This site is optimized with the Yoast SEO Premium plugin v27.0 (Yoast SEO v27.5) - https:\/\/yoast.com\/product\/yoast-seo-premium-wordpress\/ -->\n<title>Fire and Ice - Positivo<\/title>\n<meta name=\"description\" content=\"COSMOPAULI ist mehr als eine Coverband \u2013 Cosmopauli ist ein Showact!Voller Begeisterung, voller Leidenschaft, voller Energie! Da fangen sofort alle an zu tanzen.Mit Cosmopauli wird eurer Event LEGEND\u00c4R!Kontaktiert uns jetzt und bucht eine spektakul\u00e4re Party.\" \/>\n<meta name=\"robots\" content=\"index, follow, max-snippet:-1, max-image-preview:large, max-video-preview:-1\" \/>\n<link rel=\"canonical\" href=\"https:\/\/positivomusic.com\/en\/coverbands\/fire-and-ice\/\" \/>\n<meta property=\"og:locale\" content=\"en_GB\" \/>\n<meta property=\"og:type\" content=\"article\" \/>\n<meta property=\"og:title\" content=\"Fire and Ice\" \/>\n<meta property=\"og:description\" content=\"COSMOPAULI ist mehr als eine Coverband \u2013 Cosmopauli ist ein Showact!Voller Begeisterung, voller Leidenschaft, voller Energie! Da fangen sofort alle an zu tanzen.Mit Cosmopauli wird eurer Event LEGEND\u00c4R!Kontaktiert uns jetzt und bucht eine spektakul\u00e4re Party.\" \/>\n<meta property=\"og:url\" content=\"https:\/\/positivomusic.com\/en\/coverbands\/fire-and-ice\/\" \/>\n<meta property=\"og:site_name\" content=\"Positivo\" \/>\n<meta property=\"article:modified_time\" content=\"2025-08-12T15:48:50+00:00\" \/>\n<meta property=\"og:image\" content=\"https:\/\/positivomusic.com\/wp-content\/uploads\/2023\/01\/Logo_1.png\" \/>\n\t<meta property=\"og:image:width\" content=\"900\" \/>\n\t<meta property=\"og:image:height\" content=\"900\" \/>\n\t<meta property=\"og:image:type\" content=\"image\/png\" \/>\n<meta name=\"twitter:card\" content=\"summary_large_image\" \/>\n<meta name=\"twitter:label1\" content=\"Estimated reading time\" \/>\n\t<meta name=\"twitter:data1\" content=\"1 minute\" \/>\n<script type=\"application\/ld+json\" class=\"yoast-schema-graph\">{\"@context\":\"https:\\\/\\\/schema.org\",\"@graph\":[{\"@type\":\"WebPage\",\"@id\":\"https:\\\/\\\/positivomusic.com\\\/coverbands\\\/fire-and-ice\\\/\",\"url\":\"https:\\\/\\\/positivomusic.com\\\/coverbands\\\/fire-and-ice\\\/\",\"name\":\"Fire and Ice - Positivo\",\"isPartOf\":{\"@id\":\"https:\\\/\\\/positivomusic.com\\\/#website\"},\"datePublished\":\"2023-06-13T06:49:11+00:00\",\"dateModified\":\"2025-08-12T15:48:50+00:00\",\"description\":\"COSMOPAULI ist mehr als eine Coverband \u2013 Cosmopauli ist ein Showact!Voller Begeisterung, voller Leidenschaft, voller Energie! Da fangen sofort alle an zu tanzen.Mit Cosmopauli wird eurer Event LEGEND\u00c4R!Kontaktiert uns jetzt und bucht eine spektakul\u00e4re Party.\",\"breadcrumb\":{\"@id\":\"https:\\\/\\\/positivomusic.com\\\/coverbands\\\/fire-and-ice\\\/#breadcrumb\"},\"inLanguage\":\"en-GB\",\"potentialAction\":[{\"@type\":\"ReadAction\",\"target\":[\"https:\\\/\\\/positivomusic.com\\\/coverbands\\\/fire-and-ice\\\/\"]}]},{\"@type\":\"BreadcrumbList\",\"@id\":\"https:\\\/\\\/positivomusic.com\\\/coverbands\\\/fire-and-ice\\\/#breadcrumb\",\"itemListElement\":[{\"@type\":\"ListItem\",\"position\":1,\"name\":\"Startseite\",\"item\":\"https:\\\/\\\/positivomusic.com\\\/\"},{\"@type\":\"ListItem\",\"position\":2,\"name\":\"Coverbands\",\"item\":\"https:\\\/\\\/positivomusic.com\\\/coverbands\\\/\"},{\"@type\":\"ListItem\",\"position\":3,\"name\":\"Fire and Ice\"}]},{\"@type\":\"WebSite\",\"@id\":\"https:\\\/\\\/positivomusic.com\\\/#website\",\"url\":\"https:\\\/\\\/positivomusic.com\\\/\",\"name\":\"Positivo\",\"description\":\"Music - Live Music Agency\",\"publisher\":{\"@id\":\"https:\\\/\\\/positivomusic.com\\\/#organization\"},\"potentialAction\":[{\"@type\":\"SearchAction\",\"target\":{\"@type\":\"EntryPoint\",\"urlTemplate\":\"https:\\\/\\\/positivomusic.com\\\/?s={search_term_string}\"},\"query-input\":{\"@type\":\"PropertyValueSpecification\",\"valueRequired\":true,\"valueName\":\"search_term_string\"}}],\"inLanguage\":\"en-GB\"},{\"@type\":\"Organization\",\"@id\":\"https:\\\/\\\/positivomusic.com\\\/#organization\",\"name\":\"POSITIVO MUSIC\",\"alternateName\":\"POSITIVO MUSIC\",\"url\":\"https:\\\/\\\/positivomusic.com\\\/\",\"logo\":{\"@type\":\"ImageObject\",\"inLanguage\":\"en-GB\",\"@id\":\"https:\\\/\\\/positivomusic.com\\\/#\\\/schema\\\/logo\\\/image\\\/\",\"url\":\"https:\\\/\\\/positivomusic.com\\\/wp-content\\\/uploads\\\/2023\\\/01\\\/positivo-music-logo-pfade.png\",\"contentUrl\":\"https:\\\/\\\/positivomusic.com\\\/wp-content\\\/uploads\\\/2023\\\/01\\\/positivo-music-logo-pfade.png\",\"width\":1589,\"height\":1577,\"caption\":\"POSITIVO MUSIC\"},\"image\":{\"@id\":\"https:\\\/\\\/positivomusic.com\\\/#\\\/schema\\\/logo\\\/image\\\/\"}}]}<\/script>\n<!-- \/ Yoast SEO Premium plugin. -->","yoast_head_json":{"title":"Fire and Ice - Positivo","description":"COSMOPAULI is more than a cover band \u2013 Cosmopauli is a show act! Full of enthusiasm, full of passion, full of energy! Everyone starts dancing immediately. With Cosmopauli, your event will be LEGENDARY! Contact us now and book a spectacular party.","robots":{"index":"index","follow":"follow","max-snippet":"max-snippet:-1","max-image-preview":"max-image-preview:large","max-video-preview":"max-video-preview:-1"},"canonical":"https:\/\/positivomusic.com\/en\/coverbands\/fire-and-ice\/","og_locale":"en_GB","og_type":"article","og_title":"Fire and Ice","og_description":"COSMOPAULI ist mehr als eine Coverband \u2013 Cosmopauli ist ein Showact!Voller Begeisterung, voller Leidenschaft, voller Energie! Da fangen sofort alle an zu tanzen.Mit Cosmopauli wird eurer Event LEGEND\u00c4R!Kontaktiert uns jetzt und bucht eine spektakul\u00e4re Party.","og_url":"https:\/\/positivomusic.com\/en\/coverbands\/fire-and-ice\/","og_site_name":"Positivo","article_modified_time":"2025-08-12T15:48:50+00:00","og_image":[{"width":900,"height":900,"url":"https:\/\/positivomusic.com\/wp-content\/uploads\/2023\/01\/Logo_1.png","type":"image\/png"}],"twitter_card":"summary_large_image","twitter_misc":{"Estimated reading time":"1 minute"},"schema":{"@context":"https:\/\/schema.org","@graph":[{"@type":"WebPage","@id":"https:\/\/positivomusic.com\/coverbands\/fire-and-ice\/","url":"https:\/\/positivomusic.com\/coverbands\/fire-and-ice\/","name":"Fire and Ice - Positivo","isPartOf":{"@id":"https:\/\/positivomusic.com\/#website"},"datePublished":"2023-06-13T06:49:11+00:00","dateModified":"2025-08-12T15:48:50+00:00","description":"COSMOPAULI is more than a cover band \u2013 Cosmopauli is a show act! Full of enthusiasm, full of passion, full of energy! Everyone starts dancing immediately. With Cosmopauli, your event will be LEGENDARY! Contact us now and book a spectacular party.","breadcrumb":{"@id":"https:\/\/positivomusic.com\/coverbands\/fire-and-ice\/#breadcrumb"},"inLanguage":"en-GB","potentialAction":[{"@type":"ReadAction","target":["https:\/\/positivomusic.com\/coverbands\/fire-and-ice\/"]}]},{"@type":"BreadcrumbList","@id":"https:\/\/positivomusic.com\/coverbands\/fire-and-ice\/#breadcrumb","itemListElement":[{"@type":"ListItem","position":1,"name":"Startseite","item":"https:\/\/positivomusic.com\/"},{"@type":"ListItem","position":2,"name":"Coverbands","item":"https:\/\/positivomusic.com\/coverbands\/"},{"@type":"ListItem","position":3,"name":"Fire and Ice"}]},{"@type":"WebSite","@id":"https:\/\/positivomusic.com\/#website","url":"https:\/\/positivomusic.com\/","name":"Positive","description":"Music - Live Music Agency","publisher":{"@id":"https:\/\/positivomusic.com\/#organization"},"potentialAction":[{"@type":"SearchAction","target":{"@type":"EntryPoint","urlTemplate":"https:\/\/positivomusic.com\/?s={search_term_string}"},"query-input":{"@type":"PropertyValueSpecification","valueRequired":true,"valueName":"search_term_string"}}],"inLanguage":"en-GB"},{"@type":"Organization","@id":"https:\/\/positivomusic.com\/#organization","name":"POSITIVO MUSIC","alternateName":"POSITIVO MUSIC","url":"https:\/\/positivomusic.com\/","logo":{"@type":"ImageObject","inLanguage":"en-GB","@id":"https:\/\/positivomusic.com\/#\/schema\/logo\/image\/","url":"https:\/\/positivomusic.com\/wp-content\/uploads\/2023\/01\/positivo-music-logo-pfade.png","contentUrl":"https:\/\/positivomusic.com\/wp-content\/uploads\/2023\/01\/positivo-music-logo-pfade.png","width":1589,"height":1577,"caption":"POSITIVO MUSIC"},"image":{"@id":"https:\/\/positivomusic.com\/#\/schema\/logo\/image\/"}}]}},"_links":{"self":[{"href":"https:\/\/positivomusic.com\/en\/wp-json\/wp\/v2\/pages\/1176","targetHints":{"allow":["GET"]}}],"collection":[{"href":"https:\/\/positivomusic.com\/en\/wp-json\/wp\/v2\/pages"}],"about":[{"href":"https:\/\/positivomusic.com\/en\/wp-json\/wp\/v2\/types\/page"}],"author":[{"embeddable":true,"href":"https:\/\/positivomusic.com\/en\/wp-json\/wp\/v2\/users\/1"}],"replies":[{"embeddable":true,"href":"https:\/\/positivomusic.com\/en\/wp-json\/wp\/v2\/comments?post=1176"}],"version-history":[{"count":10,"href":"https:\/\/positivomusic.com\/en\/wp-json\/wp\/v2\/pages\/1176\/revisions"}],"predecessor-version":[{"id":2731,"href":"https:\/\/positivomusic.com\/en\/wp-json\/wp\/v2\/pages\/1176\/revisions\/2731"}],"up":[{"embeddable":true,"href":"https:\/\/positivomusic.com\/en\/wp-json\/wp\/v2\/pages\/623"}],"wp:attachment":[{"href":"https:\/\/positivomusic.com\/en\/wp-json\/wp\/v2\/media?parent=1176"}],"curies":[{"name":"wp","href":"https:\/\/api.w.org\/{rel}","templated":true}]}}